{"id":74,"date":"2012-08-13T13:24:20","date_gmt":"2012-08-13T11:24:20","guid":{"rendered":"http:\/\/localhost\/wp\/?page_id=74"},"modified":"2025-07-31T16:21:29","modified_gmt":"2025-07-31T14:21:29","slug":"gemeinde-korswandt","status":"publish","type":"page","link":"https:\/\/www.amtusedom.de\/?page_id=74","title":{"rendered":"Gemeinde Korswandt"},"content":{"rendered":"<p>Die Gemeinde Korswandt wurde im Jahr 1243 erstmals urkundlich erw\u00e4hnt. Sie liegt im s\u00fcd\u00f6stlichen Teil des Achterlandes der Insel Usedom, nahe der deutsch-polnischen Grenze, unmittelbar am Wolgastsee und am Korswandter Berg. Zum Gemeindegebiet geh\u00f6rt auch der Ortsteil Ulrichshorst. Korswandt umfasst eine Fl\u00e4che von 12,81 Quadratkilometern<\/p>\n<p>Einwohnerzahl (Stand 07\/2024):<br \/>\nGemeinde Korswandt insgesamt 595<\/p>\n<p style=\"background: white; vertical-align: baseline; margin: 9.0pt 0cm 9.0pt 0cm;\"><span style=\"font-size: 11.5pt; font-family: 'Lato',sans-serif; color: #111111;\">B\u00fcrgermeister der Gemeinde Korswandt ist Herr Kai Handke.<br \/>\n<span style=\"background: white;\">Termine mit dem B\u00fcrgermeister k\u00f6nnen direkt unter:<\/span><br \/>\n<span style=\"background: white;\">E-Mail: <a href=\"mailto:info@amtusedom-sued.de\">info@amtusedom-sued.de<\/a><\/span><\/span><span style=\"font-size: 11.5pt; font-family: 'Lato',sans-serif; color: black; background: white;\"> oder telefonisch unter<\/span><span style=\"font-size: 11.5pt; font-family: 'Lato',sans-serif; color: #111111; background: white;\">\u00a00177\/7855203 abgestimmt werden.<br \/>\n<a href=\"https:\/\/www.e-rechnung-bund.de\/faq\/leitweg-id\/\" target=\"_blank\" rel=\"noopener\">Leitweg-ID<\/a>: 13 0 75 065-K000-61<\/span><\/p>\n\n<table id=\"tablepress-146\" class=\"tablepress tablepress-id-146\">\n<thead>\n<tr class=\"row-1\">\n\t<th class=\"column-1\">Name <\/th><th class=\"column-2\">Position<\/th>\n<\/tr>\n<\/thead>\n<tbody class=\"row-striping row-hover\">\n<tr class=\"row-2\">\n\t<td class=\"column-1\">Herr Kai Handke<\/td><td class=\"column-2\">B\u00fcrgermeister<\/td>\n<\/tr>\n<tr class=\"row-3\">\n\t<td class=\"column-1\">Frau Claudia Bluhm<\/td><td class=\"column-2\">1. stellvertretende B\u00fcrgermeisterin<\/td>\n<\/tr>\n<tr class=\"row-4\">\n\t<td class=\"column-1\">Herr Mario Labahn<\/td><td class=\"column-2\">2. stellvertretender B\u00fcrgermeister<\/td>\n<\/tr>\n<tr class=\"row-5\">\n\t<td class=\"column-1\">Herr Fred Liermann<\/td><td class=\"column-2\">Gemeindevertreter<\/td>\n<\/tr>\n<tr class=\"row-6\">\n\t<td class=\"column-1\">Herr Gunnar Siewert<\/td><td class=\"column-2\">Gemeindevertreter<\/td>\n<\/tr>\n<tr class=\"row-7\">\n\t<td class=\"column-1\">Herr Albrecht Koch<\/td><td class=\"column-2\">Gemeindevertreter<\/td>\n<\/tr>\n<tr class=\"row-8\">\n\t<td class=\"column-1\">Herr Maik Friedrich<\/td><td class=\"column-2\">Gemeindevertreter<\/td>\n<\/tr>\n<tr class=\"row-9\">\n\t<td class=\"column-1\">Herr Ansgar Hoppe<\/td><td class=\"column-2\">Gemeindevertreter<\/td>\n<\/tr>\n<tr class=\"row-10\">\n\t<td class=\"column-1\">Herr Steffen Splittgerber<\/td><td class=\"column-2\">Gemeindevertreter<\/td>\n<\/tr>\n<\/tbody>\n<\/table>\n<!-- #tablepress-146 from cache -->\n<p style=\"text-align: center;\"><strong>Gemeindevertretung Korswandt<\/strong><\/p>\n<div id=\"attachment_9290\" style=\"width: 2570px\" class=\"wp-caption aligncenter\"><a href=\"https:\/\/www.amtusedom.de\/wp-content\/uploads\/2024\/07\/Korswandt2024-scaled.jpg\" target=\"_blank\" rel=\"noopener\"><img loading=\"lazy\" decoding=\"async\" aria-describedby=\"caption-attachment-9290\" class=\"wp-image-9290 size-full\" src=\"https:\/\/www.amtusedom.de\/wp-content\/uploads\/2024\/07\/Korswandt2024-scaled.jpg\" alt=\"\" width=\"2560\" height=\"1633\" srcset=\"https:\/\/www.amtusedom.de\/wp-content\/uploads\/2024\/07\/Korswandt2024-scaled.jpg 2560w, https:\/\/www.amtusedom.de\/wp-content\/uploads\/2024\/07\/Korswandt2024-300x191.jpg 300w, https:\/\/www.amtusedom.de\/wp-content\/uploads\/2024\/07\/Korswandt2024-1024x653.jpg 1024w, https:\/\/www.amtusedom.de\/wp-content\/uploads\/2024\/07\/Korswandt2024-768x490.jpg 768w, https:\/\/www.amtusedom.de\/wp-content\/uploads\/2024\/07\/Korswandt2024-1536x980.jpg 1536w, https:\/\/www.amtusedom.de\/wp-content\/uploads\/2024\/07\/Korswandt2024-2048x1307.jpg 2048w\" sizes=\"auto, (max-width: 2560px) 100vw, 2560px\" \/><\/a><p id=\"caption-attachment-9290\" class=\"wp-caption-text\">Bild vl.n.r.: Steffen Splittgerber, Claudia Bluhm, Fred Liermann, Maik Friedrich, Ansgar Hoppe, Kai Handke, Gunnar Siewert, Albrecht Koch, Mario Labahn<\/p><\/div>\n<p>&nbsp;<\/p>\n<p><strong>Zu den Sehensw\u00fcrdigkeiten:<\/strong><\/p>\n<p>Korswandt liegt naturnah am Wolgastsee und bietet M\u00f6glichkeiten zum Baden, Boot- und Angelfahren. Ein Uferweg f\u00fchrt durch weitgehend unber\u00fchrte Buchenw\u00e4lder. Am See befindet sich ein Campingplatz mit Wasserzugang.<\/p>\n<p>Die Umgebung eignet sich f\u00fcr Rad- und Wandertouren, etwa zu den Kaiserb\u00e4dern oder an die K\u00fcste. Im Gemeindegebiet steht zudem eine unter Naturschutz stehende Rotbuche, die als \u00e4lteste ihrer Art auf Usedom gilt.<\/p>\n<div id=\"attachment_1077\" style=\"width: 260px\" class=\"wp-caption alignleft\"><img loading=\"lazy\" decoding=\"async\" aria-describedby=\"caption-attachment-1077\" class=\"size-full wp-image-1077\" title=\"Idylle am Wolgastsee\" src=\"wp-content\/uploads\/2012\/09\/korswandt01.jpg\" alt=\"Idylle am Wolgastsee\" width=\"250\" height=\"167\" \/><p id=\"caption-attachment-1077\" class=\"wp-caption-text\">Idylle am Wolgastsee<\/p><\/div>\n<div id=\"attachment_1078\" style=\"width: 260px\" class=\"wp-caption alignleft\"><img loading=\"lazy\" decoding=\"async\" aria-describedby=\"caption-attachment-1078\" class=\"size-full wp-image-1078\" title=\"Korswandt am Wolgastsee\" src=\"wp-content\/uploads\/2012\/09\/korswandt02.jpg\" alt=\"Korswandt am Wolgastsee\" width=\"250\" height=\"167\" \/><p id=\"caption-attachment-1078\" class=\"wp-caption-text\">Korswandt am Wolgastsee<\/p><\/div>","protected":false},"excerpt":{"rendered":"<p>Die Gemeinde Korswandt wurde im Jahr 1243 erstmals urkundlich erw\u00e4hnt. Sie liegt im s\u00fcd\u00f6stlichen Teil des Achterlandes der Insel Usedom, nahe der deutsch-polnischen Grenze, unmittelbar am Wolgastsee und am Korswandter Berg. Zum Gemeindegebiet geh\u00f6rt auch der Ortsteil Ulrichshorst. Korswandt umfasst eine Fl\u00e4che von 12,81 Quadratkilometern Einwohnerzahl (Stand 07\/2024): Gemeinde Korswandt insgesamt 595 B\u00fcrgermeister der Gemeinde Korswandt ist Herr Kai Handke.<\/p>\n","protected":false},"author":2,"featured_media":0,"parent":10,"menu_order":1,"comment_status":"closed","ping_status":"closed","template":"","meta":{"footnotes":""},"class_list":["post-74","page","type-page","status-publish","hentry"],"_links":{"self":[{"href":"https:\/\/www.amtusedom.de\/index.php?rest_route=\/wp\/v2\/pages\/74","targetHints":{"allow":["GET"]}}],"collection":[{"href":"https:\/\/www.amtusedom.de\/index.php?rest_route=\/wp\/v2\/pages"}],"about":[{"href":"https:\/\/www.amtusedom.de\/index.php?rest_route=\/wp\/v2\/types\/page"}],"author":[{"embeddable":true,"href":"https:\/\/www.amtusedom.de\/index.php?rest_route=\/wp\/v2\/users\/2"}],"replies":[{"embeddable":true,"href":"https:\/\/www.amtusedom.de\/index.php?rest_route=%2Fwp%2Fv2%2Fcomments&post=74"}],"version-history":[{"count":29,"href":"https:\/\/www.amtusedom.de\/index.php?rest_route=\/wp\/v2\/pages\/74\/revisions"}],"predecessor-version":[{"id":10699,"href":"https:\/\/www.amtusedom.de\/index.php?rest_route=\/wp\/v2\/pages\/74\/revisions\/10699"}],"up":[{"embeddable":true,"href":"https:\/\/www.amtusedom.de\/index.php?rest_route=\/wp\/v2\/pages\/10"}],"wp:attachment":[{"href":"https:\/\/www.amtusedom.de\/index.php?rest_route=%2Fwp%2Fv2%2Fmedia&parent=74"}],"curies":[{"name":"wp","href":"https:\/\/api.w.org\/{rel}","templated":true}]}}