{"id":745,"date":"2012-09-06T11:03:20","date_gmt":"2012-09-06T09:03:20","guid":{"rendered":"http:\/\/localhost\/wp\/?page_id=745"},"modified":"2023-08-03T08:53:32","modified_gmt":"2023-08-03T06:53:32","slug":"ortsrecht-gemeinde-stolpe-auf-usedom-baurecht","status":"publish","type":"page","link":"https:\/\/www.amtusedom.de\/?page_id=745","title":{"rendered":"Ortsrecht \u2013 Gemeinde Stolpe auf Usedom: Baurecht"},"content":{"rendered":"\n<table id=\"tablepress-106\" class=\"tablepress tablepress-id-106\">\n<thead>\n<tr class=\"row-1\">\n\t<td class=\"column-1\"><\/td>\n<\/tr>\n<\/thead>\n<tbody class=\"row-striping row-hover\">\n<tr class=\"row-2\">\n\t<td class=\"column-1\"> \t<a href=\"https:\/\/www.amtusedom.de\/ortsrecht\/or_stolpe\/stolpe-wohnbevoelkerung.pdf\" target=\"_blank\" rel=\"noopener noreferrer\">Satzung zur Erhaltung der Zusammensetzung der Wohnbev\u00f6lkerung der Gemeinde Stolpe auf Usedom<\/a><\/td>\n<\/tr>\n<tr class=\"row-3\">\n\t<td class=\"column-1\"> \t<a href=\"https:\/\/www.amtusedom.de\/ortsrecht\/or_stolpe\/stolpe08.pdf\" target=\"_blank\" rel=\"noopener noreferrer\">Satzung der Gemeinde Stolpe auf Usedom \u00fcber die Erhebung von Beitr\u00e4gen f\u00fcr den Ausbau von Stra\u00dfen, Wegen und Pl\u00e4tzen<\/a><\/td>\n<\/tr>\n<tr class=\"row-4\">\n\t<td class=\"column-1\"> \t<a href=\"https:\/\/www.amtusedom.de\/ortsrecht\/or_stolpe\/stellplatz_stolpe.pdf\" target=\"_blank\" rel=\"noopener noreferrer\">Satzung der Gemeinde Stolpe auf Usedom \u00fcber die Herstellung notwendiger Stellpl\u00e4tze und deren Abl\u00f6se (Stellplatz- und Stellplatzabl\u00f6sesatzung)<\/a><\/td>\n<\/tr>\n<tr class=\"row-5\">\n\t<td class=\"column-1\"> \t<a href=\"https:\/\/www.amtusedom.de\/ortsrecht\/or_stolpe\/stolpe-hausnummern.pdf\" target=\"_blank\" rel=\"noopener noreferrer\">Satzung \u00fcber das Anbringen von Stra\u00dfenschildern und Hausnummern in der Gemeinde Stolpe auf Usedom<\/a><\/td>\n<\/tr>\n<tr class=\"row-6\">\n\t<td class=\"column-1\"> \t<a href=\"https:\/\/www.amtusedom.de\/ortsrecht\/or_stolpe\/stolpe-gestaltungssatzung.pdf\" target=\"_blank\" rel=\"noopener noreferrer\">Gestaltungssatzung der Gemeinde Stolpe<\/a><\/td>\n<\/tr>\n<tr class=\"row-7\">\n\t<td class=\"column-1\"> \t<a href=\"https:\/\/www.amtusedom.de\/bauplanung\/stolpe\/B-Stolpe-Nr1.pdf\" target=\"_blank\" rel=\"noopener noreferrer\">B-Plan Nr. 1 \"Schloss\"<\/a><\/td>\n<\/tr>\n<tr class=\"row-8\">\n\t<td class=\"column-1\"> \t<a href=\"https:\/\/www.amtusedom.de\/bauplanung\/stolpe\/B-Stolpe-Nr1Aend1.pdf\" target=\"_blank\" rel=\"noopener noreferrer\">1. \u00c4nderung B-Plan Nr. 1 \"Schloss\"<\/a><\/td>\n<\/tr>\n<tr class=\"row-9\">\n\t<td class=\"column-1\"> \t<a href=\"https:\/\/www.amtusedom.de\/bauplanung\/stolpe\/B-Stolpe-Nr2.pdf\" target=\"_blank\" rel=\"noopener noreferrer\">B-Plan Nr. 2 \"Ferienhausgebiet am Landhaus in Stolpe\"<\/a><\/td>\n<\/tr>\n<tr class=\"row-10\">\n\t<td class=\"column-1\"> \t<a href=\"https:\/\/www.amtusedom.de\/bauplanung\/stolpe\/B-Stolpe-Nr2Aend1.pdf\" target=\"_blank\" rel=\"noopener noreferrer\"> 1. \u00c4nderung B-Plan Nr. 2 \"Ferienhausgebiet am Landhaus in Stolpe\"<\/a><\/td>\n<\/tr>\n<tr class=\"row-11\">\n\t<td class=\"column-1\"> \t<a href=\"https:\/\/www.amtusedom.de\/bauplanung\/stolpe\/Satz.fass. V+E-Plan Stolper Hof - Stolpe, Usedom.pdf\" target=\"_blank\" rel=\"noopener\">V-und E-Plan Nr. 1 \"Stolper Hof\"<\/a><\/td>\n<\/tr>\n<tr class=\"row-12\">\n\t<td class=\"column-1\"> \t<a href=\"https:\/\/www.amtusedom.de\/bauplanung\/stolpe\/S-Stolpe.pdf\" target=\"_blank\" rel=\"noopener noreferrer\">Klarstellungssatzung Stolpe<\/a><\/td>\n<\/tr>\n<tr class=\"row-13\">\n\t<td class=\"column-1\"> \t<a href=\"https:\/\/www.amtusedom.de\/bauplanung\/stolpe\/S-Stolpe-Gummlin-Erg.pdf\" target=\"_blank\" rel=\"noopener noreferrer\">Klarstellungssatzung Gummlin, Erg\u00e4nzungssatzung<\/a><\/td>\n<\/tr>\n<tr class=\"row-14\">\n\t<td class=\"column-1\"> \t<a href=\"https:\/\/www.amtusedom.de\/bauplanung\/stolpe\/S-Stolpe-Gummlin-Erg2.pdf\" target=\"_blank\" rel=\"noopener noreferrer\">Klarstellungssatzung Gummlin, 2. Erg\u00e4nzungssatzung<\/a><\/td>\n<\/tr>\n<tr class=\"row-15\">\n\t<td class=\"column-1\"> \t<a href=\"https:\/\/www.amtusedom.de\/bauplanung\/stolpe\/FNP-Stolpe.pdf\" target=\"_blank\" rel=\"noopener noreferrer\">Fl\u00e4chennutzungsplan der Gemeinde Stolpe auf Usedom mit den Ortsteilen Stolpe und Gumlin<\/a><\/td>\n<\/tr>\n<\/tbody>\n<\/table>\n<!-- #tablepress-106 from cache -->","protected":false},"excerpt":{"rendered":"","protected":false},"author":2,"featured_media":0,"parent":725,"menu_order":4,"comment_status":"closed","ping_status":"closed","template":"","meta":{"footnotes":""},"class_list":["post-745","page","type-page","status-publish","hentry"],"_links":{"self":[{"href":"https:\/\/www.amtusedom.de\/index.php?rest_route=\/wp\/v2\/pages\/745","targetHints":{"allow":["GET"]}}],"collection":[{"href":"https:\/\/www.amtusedom.de\/index.php?rest_route=\/wp\/v2\/pages"}],"about":[{"href":"https:\/\/www.amtusedom.de\/index.php?rest_route=\/wp\/v2\/types\/page"}],"author":[{"embeddable":true,"href":"https:\/\/www.amtusedom.de\/index.php?rest_route=\/wp\/v2\/users\/2"}],"replies":[{"embeddable":true,"href":"https:\/\/www.amtusedom.de\/index.php?rest_route=%2Fwp%2Fv2%2Fcomments&post=745"}],"version-history":[{"count":13,"href":"https:\/\/www.amtusedom.de\/index.php?rest_route=\/wp\/v2\/pages\/745\/revisions"}],"predecessor-version":[{"id":8122,"href":"https:\/\/www.amtusedom.de\/index.php?rest_route=\/wp\/v2\/pages\/745\/revisions\/8122"}],"up":[{"embeddable":true,"href":"https:\/\/www.amtusedom.de\/index.php?rest_route=\/wp\/v2\/pages\/725"}],"wp:attachment":[{"href":"https:\/\/www.amtusedom.de\/index.php?rest_route=%2Fwp%2Fv2%2Fmedia&parent=745"}],"curies":[{"name":"wp","href":"https:\/\/api.w.org\/{rel}","templated":true}]}}