{"id":763,"date":"2012-09-06T13:46:01","date_gmt":"2012-09-06T11:46:01","guid":{"rendered":"http:\/\/localhost\/wp\/?page_id=763"},"modified":"2023-08-03T14:53:05","modified_gmt":"2023-08-03T12:53:05","slug":"ortsrecht-gemeinde-uckeritz-sicherheits-und-ordnungsrecht","status":"publish","type":"page","link":"https:\/\/www.amtusedom.de\/?page_id=763","title":{"rendered":"Ortsrecht \u2013 Gemeinde \u00dcckeritz: Sicherheits- und Ordnungsrecht"},"content":{"rendered":"\n<table id=\"tablepress-120\" class=\"tablepress tablepress-id-120\">\n<thead>\n<tr class=\"row-1\">\n\t<td class=\"column-1\"><\/td><td class=\"column-2\"><\/td>\n<\/tr>\n<\/thead>\n<tbody class=\"row-striping row-hover\">\n<tr class=\"row-2\">\n\t<td class=\"column-1\">Stra\u00dfenreinigung <\/td><td class=\"column-2\"><a target=\"_blank\" href=\"https:\/\/www.amtusedom.de\/wp-content\/uploads\/2023\/08\/Strassenreinigung-Ueckeritz-2022-mU-BGM.pdf\" rel=\"noopener\">Stra\u00dfenreinigungssatzung der Gemeinde \u00dcckeritz<\/a><\/td>\n<\/tr>\n<tr class=\"row-3\">\n\t<td class=\"column-1\"><\/td><td class=\"column-2\"><\/td>\n<\/tr>\n<tr class=\"row-4\">\n\t<td class=\"column-1\">Feuerwehr <\/td><td class=\"column-2\"> \t<a href=\"https:\/\/www.amtusedom.de\/ortsrecht\/or_ueckeritz\/ueckeritz-feuerwehrgebuehrensatzung.pdf\" target=\"_blank\" rel=\"noopener noreferrer\">Satzung \u00fcber die Erhebung von Geb\u00fchren f\u00fcr die Leistungen der Freiwilligen Feuerwehr der Gemeinde Seebad \u00dcckeritz<\/a><\/td>\n<\/tr>\n<tr class=\"row-5\">\n\t<td class=\"column-1\"><\/td><td class=\"column-2\"><\/td>\n<\/tr>\n<tr class=\"row-6\">\n\t<td class=\"column-1\">Friedhof<\/td><td class=\"column-2\"> \t<a href=\"https:\/\/www.amtusedom.de\/ortsrecht\/or_ueckeritz\/ueckeritz-friedhofsatzung.pdf\" target=\"_blank\" rel=\"noopener noreferrer\">Friedhofs- und Bestattungssatzung f\u00fcr die Gemeinde \u00dcckeritz<\/a><\/td>\n<\/tr>\n<tr class=\"row-7\">\n\t<td class=\"column-1\"><\/td><td class=\"column-2\"> \t<a href=\"https:\/\/www.amtusedom.de\/ortsrecht\/or_ueckeritz\/ueckeritz-friedhofsatzung-aend1.pdf\" target=\"_blank\" rel=\"noopener noreferrer\">1. Satzung zur \u00c4nderung der Friedhofs- und Bestattungssatzung f\u00fcr die Gemeinde \u00dcckeritz<\/a><\/td>\n<\/tr>\n<tr class=\"row-8\">\n\t<td class=\"column-1\"><\/td><td class=\"column-2\"> \t<a href=\"https:\/\/www.amtusedom.de\/ortsrecht\/or_ueckeritz\/ueckeritz-friedhofgebuehrensatzung.pdf\" target=\"_blank\" rel=\"noopener noreferrer\">Geb\u00fchrensatzung f\u00fcr den Friedhof der Gemeinde \u00dcckeritz<\/a><\/td>\n<\/tr>\n<tr class=\"row-9\">\n\t<td class=\"column-1\"><\/td><td class=\"column-2\"><\/td>\n<\/tr>\n<tr class=\"row-10\">\n\t<td class=\"column-1\">Sportboothafen <\/td><td class=\"column-2\"> \t<a href=\"https:\/\/www.amtusedom.de\/ortsrecht\/or_ueckeritz\/ueckeritz11.pdf\" target=\"_blank\" rel=\"noopener noreferrer\">Satzung \u00fcber die Erhebung von Abgaben f\u00fcr die Benutzung des Sportboothafens in der Gemeinde \u00dcckeritz<\/a><\/td>\n<\/tr>\n<tr class=\"row-11\">\n\t<td class=\"column-1\"><\/td><td class=\"column-2\"> \t<a href=\"https:\/\/www.amtusedom.de\/ortsrecht\/or_ueckeritz\/Entgeltordnung_Sportboothafen_ueckeritz.pdf\" target=\"_blank\" rel=\"noopener noreferrer\">Entgeltordnung f\u00fcr die Entnahme von Energie und Wasser im Sportboothafen der Gemeinde \u00dcckeritz<\/a><\/td>\n<\/tr>\n<tr class=\"row-12\">\n\t<td class=\"column-1\"><\/td><td class=\"column-2\"><a target=\"_blank\" href=\"https:\/\/www.amtusedom.de\/wp-content\/uploads\/2023\/08\/Hafenbenutzungsordnung-fuer-den-Sportboothafen-in-der-Gemeinde-Ueckeritz.pdf\" rel=\"noopener\">Hafenbenutzungsordnung f\u00fcr den Sportboothafen in der Gemeinde \u00dcckeritz<\/a><\/td>\n<\/tr>\n<tr class=\"row-13\">\n\t<td class=\"column-1\"><\/td><td class=\"column-2\"><a target=\"_blank\" href=\"https:\/\/www.amtusedom.de\/wp-content\/uploads\/2023\/08\/1.-Aenderung-der-Hafenbenutzungsordnung-Sportboothafen-Ueckeritz.pdf\" rel=\"noopener\">1. \u00c4nderung der Hafenbenutzungsordnung Sportboothafen \u00dcckeritz<\/a><\/td>\n<\/tr>\n<tr class=\"row-14\">\n\t<td class=\"column-1\"><\/td><td class=\"column-2\"><a target=\"_blank\" href=\"https:\/\/www.amtusedom.de\/wp-content\/uploads\/2023\/08\/Lesefassung-Hafenbenutzungsordnung-1.-Aend.form_.pdf\" rel=\"noopener\">Lesefassung Hafenbenutzungsordnung + 1. \u00c4nderung<\/a><\/td>\n<\/tr>\n<tr class=\"row-15\">\n\t<td class=\"column-1\"><\/td><td class=\"column-2\"> \t<a href=\"https:\/\/www.amtusedom.de\/ortsrecht\/or_ueckeritz\/ueckeritz-hafennutzungsordnung-aend1.pdf\" target=\"_blank\" rel=\"noopener noreferrer\">1. \u00c4nderung der Hafennutzungsordnung mit privatrechtlicher Entgeltordnung der Gemeinde Seebad \u00dcckeritz<\/a><\/td>\n<\/tr>\n<tr class=\"row-16\">\n\t<td class=\"column-1\"><\/td><td class=\"column-2\"> \t<a href=\"https:\/\/www.amtusedom.de\/ortsrecht\/or_ueckeritz\/ueckeritz-hafennutzungsordnung.pdf\" target=\"_blank\" rel=\"noopener noreferrer\">Hafennutzungsordnung mit privatrechtlicher Entgeltordnung der Gemeinde Seebad \u00dcckeritz<\/a><\/td>\n<\/tr>\n<tr class=\"row-17\">\n\t<td class=\"column-1\"><\/td><td class=\"column-2\"><\/td>\n<\/tr>\n<tr class=\"row-18\">\n\t<td class=\"column-1\">Parkgeb\u00fchren <\/td><td class=\"column-2\"> \t<a href=\"https:\/\/www.amtusedom.de\/ortsrecht\/or_ueckeritz\/ueckeritz-parkgebuehrenverordnung.pdf\" target=\"_blank\" rel=\"noopener noreferrer\">Parkgeb\u00fchrenverordnung \u00dcckeritz vom 01. Januar 2007<\/a><\/td>\n<\/tr>\n<tr class=\"row-19\">\n\t<td class=\"column-1\"><\/td><td class=\"column-2\"> \t<a href=\"https:\/\/www.amtusedom.de\/ortsrecht\/or_ueckeritz\/ueckeritz-parkgebuehrenverordnung-aend1.pdf\" target=\"_blank\" rel=\"noopener noreferrer\">1. \u00c4nderung der Parkgeb\u00fchrenverordnung 2008<\/a><\/td>\n<\/tr>\n<tr class=\"row-20\">\n\t<td class=\"column-1\"><\/td><td class=\"column-2\"> \t<a href=\"https:\/\/www.amtusedom.de\/ortsrecht\/or_ueckeritz\/ueckeritz-parkgebuehren-aend02.pdf\" target=\"_blank\" rel=\"noopener noreferrer\">2. \u00c4nderung der Parkgeb\u00fchrenverordnung  2009<\/a><\/td>\n<\/tr>\n<tr class=\"row-21\">\n\t<td class=\"column-1\"><\/td><td class=\"column-2\"> \t<a href=\"https:\/\/www.amtusedom.de\/ortsrecht\/or_ueckeritz\/ueckeritz-parkgebuehren-aend03.pdf\" target=\"_blank\" rel=\"noopener noreferrer\">3. \u00c4nderung der Parkgeb\u00fchrenverordnung 2010<\/a><\/td>\n<\/tr>\n<tr class=\"row-22\">\n\t<td class=\"column-1\"><\/td><td class=\"column-2\"> \t<a href=\"https:\/\/www.amtusedom.de\/ortsrecht\/or_ueckeritz\/ueckeritz-parkgebuehren-aend04.pdf\" target=\"_blank\" rel=\"noopener noreferrer\">4. \u00c4nderung der Parkgeb\u00fchrenverordnung  2000<\/a><\/td>\n<\/tr>\n<tr class=\"row-23\">\n\t<td class=\"column-1\"><\/td><td class=\"column-2\"> \t<a href=\"https:\/\/www.amtusedom.de\/ortsrecht\/or_ueckeritz\/ueckeritz-parkgebuehrenverordnung-5aend.pdf\" target=\"_blank\" rel=\"noopener noreferrer\">5. \u00c4nderung der Parkgeb\u00fchrenverordnung 2013<\/a><\/td>\n<\/tr>\n<tr class=\"row-24\">\n\t<td class=\"column-1\"><\/td><td class=\"column-2\"> \t<a href=\"https:\/\/www.amtusedom.de\/ortsrecht\/or_ueckeritz\/ueckeritz-parkgebuehren-aend06.pdf\" target=\"_blank\" rel=\"noopener noreferrer\">6. \u00c4nderung der Parkgeb\u00fchrenverordnung  2013<\/a><\/td>\n<\/tr>\n<tr class=\"row-25\">\n\t<td class=\"column-1\"><\/td><td class=\"column-2\"> \t<a href=\"https:\/\/www.amtusedom.de\/ortsrecht\/or_ueckeritz\/ueckeritz-parkgebuehrenverordnung-aend7.pdf\" target=\"_blank\" rel=\"noopener noreferrer\">7. \u00c4nderung der Parkgeb\u00fchrenverordnung 2015<\/a><\/td>\n<\/tr>\n<tr class=\"row-26\">\n\t<td class=\"column-1\"><\/td><td class=\"column-2\"> \t<a href=\"https:\/\/www.amtusedom.de\/ortsrecht\/or_ueckeritz\/ueckeritz-parkgebuehrenverordnung-aend8.pdf\" target=\"_blank\" rel=\"noopener noreferrer\">8. \u00c4nderung der Parkgeb\u00fchrenverordnung  2016<\/a><\/td>\n<\/tr>\n<tr class=\"row-27\">\n\t<td class=\"column-1\"><\/td><td class=\"column-2\"> \t<a href=\"https:\/\/www.amtusedom.de\/ortsrecht\/or_ueckeritz\/ueckeritz-parkgebuehrenverordnung-aend9.pdf\" target=\"_blank\" rel=\"noopener noreferrer\">9. \u00c4nderung der Parkgeb\u00fchrenverordnung 2018<\/a><\/td>\n<\/tr>\n<tr class=\"row-28\">\n\t<td class=\"column-1\"><\/td><td class=\"column-2\"><a href=\"https:\/\/www.amtusedom.de\/wp-content\/uploads\/2024\/06\/Ueckeritz-ParkgebuehrenVO-2024.pdf\" rel=\"noopener\" target=\"_blank\">10. \u00c4nderung der Parkgeb\u00fchrenverordnung 2024 <\/a><\/td>\n<\/tr>\n<tr class=\"row-29\">\n\t<td class=\"column-1\"><\/td><td class=\"column-2\"><a href=\"https:\/\/www.amtusedom.de\/wp-content\/uploads\/2025\/03\/Ueckeritz-11.-Aend.-ParkgebuehrenVO-2025-VOe.pdf\" target=\"_blank\">11. \u00c4nderung der Parkgeb\u00fchrenverordnung 2025<\/a><\/td>\n<\/tr>\n<tr class=\"row-30\">\n\t<td class=\"column-1\"><\/td><td class=\"column-2\"><a href=\"https:\/\/www.amtusedom.de\/wp-content\/uploads\/2025\/03\/Ueckeritz-Parkgebuehrenverordnung-Lesefassung.pdf\" target=\"_blank\">Lesefassung Parkgeb\u00fchrenverordnung 2025<\/a><\/td>\n<\/tr>\n<tr class=\"row-31\">\n\t<td class=\"column-1\"><\/td><td class=\"column-2\"><\/td>\n<\/tr>\n<tr class=\"row-32\">\n\t<td class=\"column-1\">Haus des Gastes<\/td><td class=\"column-2\"><a target=\"_blank\" href=\"https:\/\/www.amtusedom.de\/wp-content\/uploads\/2023\/08\/Ueckeritz-Miet-und-Nutzungsordnung-HdG.pdf\" rel=\"noopener\">Miet- und Nutzungsordnung f\u00fcr das \u201eHaus des Gastes\u201c<\/a><\/td>\n<\/tr>\n<tr class=\"row-33\">\n\t<td class=\"column-1\"><\/td><td class=\"column-2\"><\/td>\n<\/tr>\n<tr class=\"row-34\">\n\t<td class=\"column-1\">Naturcampingsplatz \"Am Strande\" <\/td><td class=\"column-2\"> \t<a href=\"https:\/\/www.amtusedom.de\/ortsrecht\/or_ueckeritz\/ueckeritz-naturcampingplatz.pdf\" target=\"_blank\" rel=\"noopener noreferrer\">Miet- und Benutzungsordnung zur Erhebung von Entgelten auf dem Naturcampingplatz \u201eAm Strand\u201c des Seebades \u00dcckeritz<\/a><\/td>\n<\/tr>\n<tr class=\"row-35\">\n\t<td class=\"column-1\"><\/td><td class=\"column-2\"><\/td>\n<\/tr>\n<tr class=\"row-36\">\n\t<td class=\"column-1\">Ostseehalle (Turnhalle) <\/td><td class=\"column-2\"> \t<a href=\"https:\/\/www.amtusedom.de\/ortsrecht\/or_ueckeritz\/ueckeritz20.pdf\" target=\"_blank\" rel=\"noopener noreferrer\">Hallen- und Benutzerordnung Ostseehalle \u00dcckeritz<\/a><\/td>\n<\/tr>\n<tr class=\"row-37\">\n\t<td class=\"column-1\"><\/td><td class=\"column-2\"><\/td>\n<\/tr>\n<tr class=\"row-38\">\n\t<td class=\"column-1\">Strandk\u00f6rbe im Strandbereich <\/td><td class=\"column-2\"> \t<a href=\"https:\/\/www.amtusedom.de\/ortsrecht\/or_ueckeritz\/ueckeritz22.pdf\" target=\"_blank\" rel=\"noopener noreferrer\">Entgeltordnung zur Aufstellung von Strandk\u00f6rben im Strandbereich<\/a><\/td>\n<\/tr>\n<tr class=\"row-39\">\n\t<td class=\"column-1\"><\/td><td class=\"column-2\"><\/td>\n<\/tr>\n<tr class=\"row-40\">\n\t<td class=\"column-1\"><\/td><td class=\"column-2\"><\/td>\n<\/tr>\n<tr class=\"row-41\">\n\t<td class=\"column-1\">Aufstellung Marktst\u00e4nde<\/td><td class=\"column-2\"> \t<a href=\"https:\/\/www.amtusedom.de\/ortsrecht\/or_ueckeritz\/ueckeritz23.pdf\" target=\"_blank\" rel=\"noopener noreferrer\">Entgeltordnung zur Aufstellung von Marktst\u00e4nden in der Gemeinde Seebad \u00dcckeritz<\/a><\/td>\n<\/tr>\n<\/tbody>\n<\/table>\n<!-- #tablepress-120 from cache -->","protected":false},"excerpt":{"rendered":"","protected":false},"author":2,"featured_media":0,"parent":750,"menu_order":2,"comment_status":"closed","ping_status":"closed","template":"","meta":{"footnotes":""},"class_list":["post-763","page","type-page","status-publish","hentry"],"_links":{"self":[{"href":"https:\/\/www.amtusedom.de\/index.php?rest_route=\/wp\/v2\/pages\/763","targetHints":{"allow":["GET"]}}],"collection":[{"href":"https:\/\/www.amtusedom.de\/index.php?rest_route=\/wp\/v2\/pages"}],"about":[{"href":"https:\/\/www.amtusedom.de\/index.php?rest_route=\/wp\/v2\/types\/page"}],"author":[{"embeddable":true,"href":"https:\/\/www.amtusedom.de\/index.php?rest_route=\/wp\/v2\/users\/2"}],"replies":[{"embeddable":true,"href":"https:\/\/www.amtusedom.de\/index.php?rest_route=%2Fwp%2Fv2%2Fcomments&post=763"}],"version-history":[{"count":27,"href":"https:\/\/www.amtusedom.de\/index.php?rest_route=\/wp\/v2\/pages\/763\/revisions"}],"predecessor-version":[{"id":8197,"href":"https:\/\/www.amtusedom.de\/index.php?rest_route=\/wp\/v2\/pages\/763\/revisions\/8197"}],"up":[{"embeddable":true,"href":"https:\/\/www.amtusedom.de\/index.php?rest_route=\/wp\/v2\/pages\/750"}],"wp:attachment":[{"href":"https:\/\/www.amtusedom.de\/index.php?rest_route=%2Fwp%2Fv2%2Fmedia&parent=763"}],"curies":[{"name":"wp","href":"https:\/\/api.w.org\/{rel}","templated":true}]}}