{"id":774,"date":"2012-09-06T13:55:42","date_gmt":"2012-09-06T11:55:42","guid":{"rendered":"http:\/\/localhost\/wp\/?page_id=774"},"modified":"2023-08-03T10:18:42","modified_gmt":"2023-08-03T08:18:42","slug":"ortsrecht-gemeinde-uckeritz-baurecht","status":"publish","type":"page","link":"https:\/\/www.amtusedom.de\/?page_id=774","title":{"rendered":"Ortsrecht \u2013 Gemeinde \u00dcckeritz: Baurecht"},"content":{"rendered":"\n<table id=\"tablepress-109\" class=\"tablepress tablepress-id-109\">\n<thead>\n<tr class=\"row-1\">\n\t<td class=\"column-1\"><\/td>\n<\/tr>\n<\/thead>\n<tbody class=\"row-striping row-hover\">\n<tr class=\"row-2\">\n\t<td class=\"column-1\"><a href=\"https:\/\/www.amtusedom.de\/ortsrecht\/or_ueckeritz\/ueckeritz27.pdf\" target=\"_blank\" rel=\"noopener noreferrer\">Satzung \u00fcber die Erhebung von Erschlie\u00dfungsbeitr\u00e4gen in der Gemeinde Seebad \u00dcckeritz<\/a>;<\/td>\n<\/tr>\n<tr class=\"row-3\">\n\t<td class=\"column-1\"><a href=\"https:\/\/www.amtusedom.de\/ortsrecht\/or_ueckeritz\/ueckeritz-strassenausbausatzung-aend2.pdf\" target=\"_blank\" rel=\"noopener noreferrer\">2. Satzung zur \u00c4nderung der Satzung der Gemeinde Seebad \u00dcckeritz \u00fcber die Erhebung von Beitr\u00e4gen f\u00fcr den Ausbau von Stra\u00dfen, Wegen und Pl\u00e4tzen<\/a>;<\/td>\n<\/tr>\n<tr class=\"row-4\">\n\t<td class=\"column-1\"><a href=\"https:\/\/www.amtusedom.de\/ortsrecht\/or_ueckeritz\/ueckeritz-strassenausbausatzung-lf.pdf\" target=\"_blank\" rel=\"noopener noreferrer\">Satzung der Gemeinde Seebad \u00dcckeritz \u00fcber die Erhebung von Beitr\u00e4gen f\u00fcr den Ausbau von Stra\u00dfen, Wegen und Pl\u00e4tzen - Lesefassung<\/a>;<\/td>\n<\/tr>\n<tr class=\"row-5\">\n\t<td class=\"column-1\"><a href=\"https:\/\/www.amtusedom.de\/ortsrecht\/or_ueckeritz\/ueckeritz28.pdf\" target=\"_blank\" rel=\"noopener noreferrer\">Satzung der Gemeinde \u00dcckeritz \u00fcber die Herstellung notwendiger Stellpl\u00e4tze (Stellplatzsatzung)<\/a>;<\/td>\n<\/tr>\n<tr class=\"row-6\">\n\t<td class=\"column-1\"><a href=\"https:\/\/www.amtusedom.de\/ortsrecht\/or_ueckeritz\/hausnummern-ueckertiz.pdf\" target=\"_blank\" rel=\"noopener noreferrer\">Satzung \u00fcber das Anbringen von Stra\u00dfenschildern und Hausnummern in der Gemeinde \u00dcckeritz<\/a>;<\/td>\n<\/tr>\n<tr class=\"row-7\">\n\t<td class=\"column-1\"><a href=\"https:\/\/www.amtusedom.de\/ortsrecht\/or_ueckeritz\/ueckeritz-stellplatzabloesesatzung.pdf\" target=\"_blank\" rel=\"noopener noreferrer\">Stellplatzabl\u00f6sesatzung der Gemeinde \u00dcckeritz<\/a>;<\/td>\n<\/tr>\n<tr class=\"row-8\">\n\t<td class=\"column-1\"><a href=\"https:\/\/www.amtusedom.de\/bauplanung\/ueckeritz\/UeckeritzF-Plan.pdf\" target=\"_blank\" rel=\"noopener noreferrer\">F-Plan<\/a>;<\/td>\n<\/tr>\n<tr class=\"row-9\">\n\t<td class=\"column-1\"><a href=\"https:\/\/www.amtusedom.de\/bauplanung\/ueckeritz\/1AendFNPUeckeritz.pdf\" target=\"_blank\" rel=\"noopener noreferrer\">1. \u00c4nderung des Fl\u00e4chennutzungsplanes der Gemeinde \u00dcckeritz<\/a>;<\/td>\n<\/tr>\n<tr class=\"row-10\">\n\t<td class=\"column-1\"><a href=\"https:\/\/www.amtusedom.de\/bauplanung\/ueckeritz\/2AendFNPUeckeritz.pdf\" target=\"_blank\" rel=\"noopener noreferrer\">2. \u00c4nderung des Fl\u00e4chennutzungsplanes der Gemeinde \u00dcckeritz<\/a>;<\/td>\n<\/tr>\n<tr class=\"row-11\">\n\t<td class=\"column-1\"><a href=\"https:\/\/www.amtusedom.de\/bauplanung\/ueckeritz\/1BerichFNPUeckeritz.pdf\" target=\"_blank\" rel=\"noopener noreferrer\">1. Berichtigung des Fl\u00e4chennutzungsplanes der Gemeinde \u00dcckeritz<\/a>;<\/td>\n<\/tr>\n<tr class=\"row-12\">\n\t<td class=\"column-1\"><a href=\"https:\/\/www.amtusedom.de\/bauplanung\/ueckeritz\/3AendFNPUeckeritz.pdf\" target=\"_blank\" rel=\"noopener noreferrer\">3. \u00c4nderung des Fl\u00e4chennutzungsplanes der Gemeinde Seebad \u00dcckeritz<\/a>;<\/td>\n<\/tr>\n<tr class=\"row-13\">\n\t<td class=\"column-1\"><a href=\"https:\/\/www.amtusedom.de\/bauplanung\/ueckeritz\/UeckeritzF-Plan-4Aend.pdf\" target=\"_blank\" rel=\"noopener noreferrer\">4. \u00c4nderung F-Plan<\/a>;<\/td>\n<\/tr>\n<tr class=\"row-14\">\n\t<td class=\"column-1\"><a href=\"https:\/\/www.amtusedom.de\/bauplanung\/ueckeritz\/UeckeritzF-Plan-6Aend.pdf\" target=\"_blank\" rel=\"noopener noreferrer\">6. \u00c4nderung F-Plan<\/a>;<\/td>\n<\/tr>\n<tr class=\"row-15\">\n\t<td class=\"column-1\"><a target=\"_blank\" href=\"https:\/\/www.amtusedom.de\/wp-content\/uploads\/2024\/07\/8.-Aenderung-des-Flaechennutzungsplanes-der-Gemeinde-Seebad-Ueckeritz.pdf\" rel=\"noopener\">8. \u00c4nderung des Fl\u00e4chennutzungsplanes der Gemeinde Seebad \u00dcckeritz<\/a><\/td>\n<\/tr>\n<tr class=\"row-16\">\n\t<td class=\"column-1\"><a href=\"https:\/\/www.amtusedom.de\/bauplanung\/ueckeritz\/B-Ueckeritz-Nr1-Aufhebung.pdf\" target=\"_blank\" rel=\"noopener noreferrer\">Satzung \u00fcber die Aufhebung des Bebauungsplanes Nr. 1 f\u00fcr das \u201eWohngebiet an den Kreischen\u201c der Gemeinde \u00dcckeritz<\/a>;<\/td>\n<\/tr>\n<tr class=\"row-17\">\n\t<td class=\"column-1\"><a href=\"https:\/\/www.amtusedom.de\/bauplanung\/ueckeritz\/B-Ueckeritz-Nr2.pdf\" target=\"_blank\" rel=\"noopener noreferrer\">B-Plan Nr. 2 \"Strandvorplatz\"<\/a>;<\/td>\n<\/tr>\n<tr class=\"row-18\">\n\t<td class=\"column-1\"><a href=\"https:\/\/www.amtusedom.de\/bauplanung\/ueckeritz\/UeckeritzB-Plan%20Nr21Aenderung.pdf\" target=\"_blank\" rel=\"noopener noreferrer\">B-Plan Nr. 2 \"Strandvorplatz\" 1. \u00c4nderung<\/a>;<\/td>\n<\/tr>\n<tr class=\"row-19\">\n\t<td class=\"column-1\"><a href=\"https:\/\/www.amtusedom.de\/bauplanung\/ueckeritz\/UeckeritzB-PlanNr22Aenderung.pdf\" target=\"_blank\" rel=\"noopener noreferrer\">B-Plan Nr. 2 \"Strandvorplatz\" 2. \u00c4nderung<\/a>;<\/td>\n<\/tr>\n<tr class=\"row-20\">\n\t<td class=\"column-1\"><a href=\"https:\/\/www.amtusedom.de\/bauplanung\/ueckeritz\/B-Ueckeritz-Nr2_3ae.pdf\" target=\"_blank\" rel=\"noopener noreferrer\">B-Plan Nr. 2 \"Strandvorplatz\" 3. \u00c4nderung<\/a>;<\/td>\n<\/tr>\n<tr class=\"row-21\">\n\t<td class=\"column-1\"><a href=\"https:\/\/www.amtusedom.de\/bauplanung\/ueckeritz\/UeckeritzB-PlanNr24Aenderung.pdf\" target=\"_blank\" rel=\"noopener noreferrer\">B-Plan Nr. 2 \"Strandvorplatz\" 4. \u00c4nderung<\/a>;<\/td>\n<\/tr>\n<tr class=\"row-22\">\n\t<td class=\"column-1\"><a href=\"https:\/\/www.amtusedom.de\/bauplanung\/ueckeritz\/UeckeritzB-PlanNr25Aenderung.pdf\" target=\"_blank\" rel=\"noopener noreferrer\">B-Plan Nr. 2 \"Strandvorplatz\" 5. \u00c4nderung<\/a>;<\/td>\n<\/tr>\n<tr class=\"row-23\">\n\t<td class=\"column-1\"><a href=\"https:\/\/www.amtusedom.de\/bauplanung\/ueckeritz\/B-Ueckeritz-Nr2_6ae.pdf\" target=\"_blank\" rel=\"noopener noreferrer\">B-Plan Nr. 2 \"Strandvorplatz\" 6. \u00c4nderung<\/a>;<\/td>\n<\/tr>\n<tr class=\"row-24\">\n\t<td class=\"column-1\"><a href=\"https:\/\/www.amtusedom.de\/bauplanung\/ueckeritz\/B-Ueckeritz-Nr3.pdf\" target=\"_blank\" rel=\"noopener noreferrer\">B-Plan Nr. 3 \"Urlaubersiedlung am Wockninsee\"<\/a>;<\/td>\n<\/tr>\n<tr class=\"row-25\">\n\t<td class=\"column-1\"><a href=\"https:\/\/www.amtusedom.de\/bauplanung\/ueckeritz\/B-Ueckeritz-Nr4A.pdf\" target=\"_blank\" rel=\"noopener noreferrer\">B-Plan Nr.4 A \"Mischgebiet Kavelst\u00fccke\"<\/a>;<\/td>\n<\/tr>\n<tr class=\"row-26\">\n\t<td class=\"column-1\"><a href=\"https:\/\/www.amtusedom.de\/bauplanung\/ueckeritz\/B-Ueckeritz-Nr4A-1Aen.pdf\" target=\"_blank\" rel=\"noopener noreferrer\">B-Plan Nr.4 A \"Mischgebiet Kavelst\u00fccke\", 1. \u00c4nderung<\/a>;<\/td>\n<\/tr>\n<tr class=\"row-27\">\n\t<td class=\"column-1\"><a href=\"https:\/\/www.amtusedom.de\/bauplanung\/ueckeritz\/B-Ueckeritz-Nr4A-2Aen.pdf\" target=\"_blank\" rel=\"noopener noreferrer\">B-Plan Nr.4 A \"Mischgebiet Kavelst\u00fccke\", 2. \u00c4nderung<\/a>;<\/td>\n<\/tr>\n<tr class=\"row-28\">\n\t<td class=\"column-1\"><a href=\"https:\/\/www.amtusedom.de\/bauplanung\/ueckeritz\/B-Ueckeritz-Nr4A-3Aen.pdf\" target=\"_blank\" rel=\"noopener noreferrer\">B-Plan Nr.4 A \"Mischgebiet Kavelst\u00fccke\", 3. \u00c4nderung<\/a>;<\/td>\n<\/tr>\n<tr class=\"row-29\">\n\t<td class=\"column-1\"><a href=\"https:\/\/www.amtusedom.de\/bauplanung\/ueckeritz\/B-Ueckeritz-Nr4B.pdf\" target=\"_blank\" rel=\"noopener noreferrer\">B-Plan Nr.4 B \"Gewerbegebiet Kavelst\u00fccke\"<\/a>;<\/td>\n<\/tr>\n<tr class=\"row-30\">\n\t<td class=\"column-1\"><a href=\"https:\/\/www.amtusedom.de\/bauplanung\/ueckeritz\/B-Ueckeritz-Nr4B-1Aen.pdf\" target=\"_blank\" rel=\"noopener noreferrer\">B-Plan Nr.4 B \"Gewerbegebiet Kavelst\u00fccke\", 1. \u00c4nderung<\/a>;<\/td>\n<\/tr>\n<tr class=\"row-31\">\n\t<td class=\"column-1\"><a href=\"https:\/\/www.amtusedom.de\/wp-content\/uploads\/2025\/06\/AUSGEFERTIGT-2.-Aender-BP-4B-GE-Kavelstuecke-Gemeinde-Ueckeritz.pdf\">AUSGEFERTIGT 2. \u00c4nder BP 4B GE Kavelst\u00fccke - Gemeinde \u00dcckeritz<\/a><\/td>\n<\/tr>\n<tr class=\"row-32\">\n\t<td class=\"column-1\"><a href=\"https:\/\/www.amtusedom.de\/wp-content\/uploads\/2025\/06\/AUSGEFERTIGT-3.-Aender-BP-4B-GE-Kavelstuecke-Gemeinde-Ueckeritz.pdf\">AUSGEFERTIGT 3. \u00c4nder BP 4B GE Kavelst\u00fccke - Gemeinde \u00dcckeritz<\/a><\/td>\n<\/tr>\n<tr class=\"row-33\">\n\t<td class=\"column-1\"><a href=\"https:\/\/www.amtusedom.de\/wp-content\/uploads\/2025\/06\/AUSGEFERTIGT-5.-Aender-BP-4B-GE-Kavelstuecke-Gemeinde-Ueckeritz.pdf\">AUSGEFERTIGT 5. \u00c4nder BP 4B GE Kavelst\u00fccke - Gemeinde \u00dcckeritz<\/a><\/td>\n<\/tr>\n<tr class=\"row-34\">\n\t<td class=\"column-1\"><a href=\"https:\/\/www.amtusedom.de\/bauplanung\/ueckeritz\/B-Ueckeritz-Nr5.pdf\" target=\"_blank\" rel=\"noopener noreferrer\">B-Plan Nr. 5 \"Am Sportplatz\"<\/a>;<\/td>\n<\/tr>\n<tr class=\"row-35\">\n\t<td class=\"column-1\"><a href=\"https:\/\/www.amtusedom.de\/bauplanung\/ueckeritz\/B-Ueckeritz-Nr5-1Aen.pdf\" target=\"_blank\" rel=\"noopener noreferrer\">B-Plan Nr. 5 \"Am Sportplatz\" 1. \u00c4nderung<\/a>;<\/td>\n<\/tr>\n<tr class=\"row-36\">\n\t<td class=\"column-1\"><a href=\"https:\/\/www.amtusedom.de\/bauplanung\/ueckeritz\/B-Ueckeritz-Nr5-2Aen.pdf\" target=\"_blank\" rel=\"noopener noreferrer\">B-Plan Nr. 5 \"Am Sportplatz\" 2. \u00c4nderung<\/a>;<\/td>\n<\/tr>\n<tr class=\"row-37\">\n\t<td class=\"column-1\"><a href=\"https:\/\/www.amtusedom.de\/wp-content\/uploads\/2025\/06\/AUSGEFERTIGT-3.-Aender-BP-5-Am-Sportplatz-Ueckeritz.pdf\">3. \u00c4nderung des BP Nr.5 Am Sportplatz \u00dcckeritz<\/a><\/td>\n<\/tr>\n<tr class=\"row-38\">\n\t<td class=\"column-1\"><a href=\"https:\/\/www.amtusedom.de\/bauplanung\/ueckeritz\/B-Ueckeritz-Nr5-4Aen.pdf\" target=\"_blank\" rel=\"noopener noreferrer\">B-Plan Nr. 5 \"Am Sportplatz\" 4. \u00c4nderung<\/a>;<\/td>\n<\/tr>\n<tr class=\"row-39\">\n\t<td class=\"column-1\"><a href=\"https:\/\/www.amtusedom.de\/bauplanung\/ueckeritz\/B-Ueckeritz-Nr6.pdf\" target=\"_blank\" rel=\"noopener noreferrer\">B-Plan Nr.6 \"Hafen Stagnie\u00df und Camping\"<\/a>;<\/td>\n<\/tr>\n<tr class=\"row-40\">\n\t<td class=\"column-1\"><a href=\"https:\/\/www.amtusedom.de\/bauplanung\/ueckeritz\/B-Ueckeritz-Nr6-Aend1.pdf\" target=\"_blank\" rel=\"noopener noreferrer\">B-Plan Nr.6 \"Hafen Stagnie\u00df und Camping\" 1. \u00c4nderung<\/a>;<\/td>\n<\/tr>\n<tr class=\"row-41\">\n\t<td class=\"column-1\"><a href=\"https:\/\/www.amtusedom.de\/bauplanung\/ueckeritz\/B-Ueckeritz-Nr6-Aend2.pdf\" target=\"_blank\" rel=\"noopener noreferrer\">B-Plan Nr.6 \"Hafen Stagnie\u00df und Camping\" 2. \u00c4nderung<\/a>;<\/td>\n<\/tr>\n<tr class=\"row-42\">\n\t<td class=\"column-1\"><a target=\"_blank\" href=\"https:\/\/www.amtusedom.de\/wp-content\/uploads\/2024\/07\/Satzungsfassung-3.Aend-BP-6-Ueckeritz.pdf\" rel=\"noopener\">B-Plan Nr.6 \"Hafen Stagnie\u00df und Camping\" 3. \u00c4nderung<\/a><\/td>\n<\/tr>\n<tr class=\"row-43\">\n\t<td class=\"column-1\"><a href=\"https:\/\/www.amtusedom.de\/bauplanung\/ueckeritz\/UeckeritzB-PlanNr7.pdf\" target=\"_blank\" rel=\"noopener noreferrer\">B-Plan Nr. 7 \"Sportboothafen\"<\/a>;<\/td>\n<\/tr>\n<tr class=\"row-44\">\n\t<td class=\"column-1\"><a href=\"https:\/\/www.amtusedom.de\/bauplanung\/ueckeritz\/UeckeritzB-PlanNr71Aenderung.pdf\" target=\"_blank\" rel=\"noopener noreferrer\">B-Plan Nr. 7 \"Sportboothafen\" 1. \u00c4nderung<\/a>;<\/td>\n<\/tr>\n<tr class=\"row-45\">\n\t<td class=\"column-1\"><a href=\"https:\/\/www.amtusedom.de\/bauplanung\/ueckeritz\/UeckeritzB-PlanNr72Aenderung.pdf\" target=\"_blank\" rel=\"noopener noreferrer\">B-Plan Nr. 7 \"Sportboothafen\" 2. \u00c4nderung<\/a>;<\/td>\n<\/tr>\n<tr class=\"row-46\">\n\t<td class=\"column-1\"><a href=\"https:\/\/www.amtusedom.de\/bauplanung\/ueckeritz\/UeckeritzB-PlanNr73Aenderung.pdf\" target=\"_blank\" rel=\"noopener noreferrer\">B-Plan Nr. 7 \"Sportboothafen\" 3. \u00c4nderung<\/a>;<\/td>\n<\/tr>\n<tr class=\"row-47\">\n\t<td class=\"column-1\"><a href=\"https:\/\/www.amtusedom.de\/bauplanung\/ueckeritz\/B-Ueckeritz-Nr8.pdf\" target=\"_blank\" rel=\"noopener noreferrer\">B-Plan Nr. 8 \"Ferienhausgebiet Blankenfohrt\"<\/a>;<\/td>\n<\/tr>\n<tr class=\"row-48\">\n\t<td class=\"column-1\"><a href=\"https:\/\/www.amtusedom.de\/bauplanung\/ueckeritz\/B-Ueckeritz-Nr9.pdf\" target=\"_blank\" rel=\"noopener noreferrer\">B-Plan Nr. 9 \"Wohnbebauung an der Fischerstra\u00dfe-Vor dem Hagen\"<\/a>;<\/td>\n<\/tr>\n<tr class=\"row-49\">\n\t<td class=\"column-1\"><a href=\"https:\/\/www.amtusedom.de\/bauplanung\/ueckeritz\/B-Ueckeritz-Nr9-1Aen.pdf\" target=\"_blank\" rel=\"noopener noreferrer\">B-Plan Nr. 9 \"Wohnbebauung an der Fischerstra\u00dfe-Vor dem Hagen\", 1. \u00c4nderung<\/a>;<\/td>\n<\/tr>\n<tr class=\"row-50\">\n\t<td class=\"column-1\"><a href=\"https:\/\/www.amtusedom.de\/bauplanung\/ueckeritz\/B-Ueckeritz-Nr9-2Aen.pdf\" target=\"_blank\" rel=\"noopener noreferrer\">B-Plan Nr. 9 \"Wohnbebauung an der Fischerstra\u00dfe-Vor dem Hagen\", 2. \u00c4nderung<\/a>;<\/td>\n<\/tr>\n<tr class=\"row-51\">\n\t<td class=\"column-1\"><a href=\"https:\/\/www.amtusedom.de\/bauplanung\/ueckeritz\/B-Ueckeritz-Nr9-3Aen.pdf\" target=\"_blank\" rel=\"noopener noreferrer\">B-Plan Nr. 9 \"Wohnbebauung an der Fischerstra\u00dfe-Vor dem Hagen\", 3. \u00c4nderung<\/a>;<\/td>\n<\/tr>\n<tr class=\"row-52\">\n\t<td class=\"column-1\"><a href=\"https:\/\/www.amtusedom.de\/bauplanung\/ueckeritz\/Satz_fass_Plan_1_Erg_BP_9_Ueckeritz.pdf\">B-Plan Nr. 9 \"Wohnbebauung an der Fischerstra\u00dfe-Vor dem Hagen\", 1. Erg\u00e4nzung<\/a>;<\/td>\n<\/tr>\n<tr class=\"row-53\">\n\t<td class=\"column-1\"><a target=\"_blank\" href=\"https:\/\/www.amtusedom.de\/wp-content\/uploads\/2024\/06\/Satz.fass_.-Plan-4.-Aend.-BP-9-Ueckerirtz-03-2024_.pdf\" rel=\"noopener\">B-Plan Nr. 9 \"Wohnbebauung an der Fischerstra\u00dfe-Vor dem Hagen\", 4. \u00c4nderung<\/a><\/td>\n<\/tr>\n<tr class=\"row-54\">\n\t<td class=\"column-1\"><a href=\"https:\/\/www.amtusedom.de\/bauplanung\/ueckeritz\/UeckeritzB-PlanNr.10.pdf\" target=\"_blank\" rel=\"noopener noreferrer\">B-Plan Nr. 10 \"Strandstra\u00dfe-Waldschule\"<\/a>;<\/td>\n<\/tr>\n<tr class=\"row-55\">\n\t<td class=\"column-1\"><a href=\"https:\/\/www.amtusedom.de\/bauplanung\/ueckeritz\/B-Ueckeritz-Nr13.pdf\" target=\"_blank\" rel=\"noopener noreferrer\">B-Plan Nr. 13 \"Wohnbebauung an der M\u00fchlenstra\u00dfe\"<\/a>;<\/td>\n<\/tr>\n<tr class=\"row-56\">\n\t<td class=\"column-1\"><a href=\"https:\/\/www.amtusedom.de\/bauplanung\/ueckeritz\/BP15Ueckeritz.pdf\" target=\"_blank\" rel=\"noopener noreferrer\">B-Plan Nr. 15 \u201eAltersgerechtes Wohnen an der Feldstra\u00dfe\u201c<\/a>;<\/td>\n<\/tr>\n<tr class=\"row-57\">\n\t<td class=\"column-1\"><a href=\"https:\/\/www.amtusedom.de\/bauplanung\/ueckeritz\/UeckeritzB-PlanNr17.pdf\" target=\"_blank\" rel=\"noopener noreferrer\">B-Plan Nr. 17 \u201eWohnbebauung am Gartenweg\u201c der Gemeinde \u00dcckeritz<\/a>;<\/td>\n<\/tr>\n<tr class=\"row-58\">\n\t<td class=\"column-1\"><a href=\"https:\/\/www.amtusedom.de\/bauplanung\/ueckeritz\/B-Ueckeritz-Nr18.pdf\" target=\"_blank\" rel=\"noopener noreferrer\">B-Plan Nr. 18 \u201eWohngebiet westlich des Wohngebietes An den Kreischen\u201c der Gemeinde \u00dcckeritz<\/a>;<\/td>\n<\/tr>\n<tr class=\"row-59\">\n\t<td class=\"column-1\"><a href=\"https:\/\/www.amtusedom.de\/bauplanung\/ueckeritz\/B-Ueckeritz-Nr20.pdf\" target=\"_blank\" rel=\"noopener noreferrer\">Satzung \u00fcber den Bebauungsplan Nr. 20 f\u00fcr das Allgemeine Wohngebiet \"An der B\u00e4derstra\u00dfe - B111\" der Gemeinde \u00dcckeritz<\/a>;<\/td>\n<\/tr>\n<tr class=\"row-60\">\n\t<td class=\"column-1\"><a href=\"https:\/\/www.amtusedom.de\/bauplanung\/ueckeritz\/VE-Ueckeritz-Nr1.pdf\" target=\"_blank\" rel=\"noopener noreferrer\">V \u2013und E-Plan Nr. 1 \"Reha-Klinik Ostseeblick\"<\/a>;<\/td>\n<\/tr>\n<tr class=\"row-61\">\n\t<td class=\"column-1\"><a href=\"https:\/\/www.amtusedom.de\/bauplanung\/ueckeritz\/2-erg-fnp-ueckeritz.pdf\" target=\"_blank\" rel=\"noopener noreferrer\">2. Erg\u00e4nzung des Fl\u00e4chennutzungsplanes der Gemeinde Seebad \u00dcckeritz f\u00fcr den Bereich \"Sondergebiet Ferienwohnung Wockninstrasse 6\"<\/a>;<\/td>\n<\/tr>\n<tr class=\"row-62\">\n\t<td class=\"column-1\"><a href=\"https:\/\/www.amtusedom.de\/bauplanung\/ueckeritz\/b-plan-1-vbz-ueckeritz.pdf\" target=\"_blank\" rel=\"noopener noreferrer\">Satzung der Gemeinde Seebad \u00dcckeritz \u00fcber den vorhabenbezogenen Bebauungsplan Nr. 1 \"Sondergebiet Ferienwohnungen Wockninstrasse 6\"<\/a>;<\/td>\n<\/tr>\n<\/tbody>\n<\/table>\n<!-- #tablepress-109 from cache -->","protected":false},"excerpt":{"rendered":"","protected":false},"author":2,"featured_media":0,"parent":750,"menu_order":4,"comment_status":"closed","ping_status":"closed","template":"","meta":{"footnotes":""},"class_list":["post-774","page","type-page","status-publish","hentry"],"_links":{"self":[{"href":"https:\/\/www.amtusedom.de\/index.php?rest_route=\/wp\/v2\/pages\/774","targetHints":{"allow":["GET"]}}],"collection":[{"href":"https:\/\/www.amtusedom.de\/index.php?rest_route=\/wp\/v2\/pages"}],"about":[{"href":"https:\/\/www.amtusedom.de\/index.php?rest_route=\/wp\/v2\/types\/page"}],"author":[{"embeddable":true,"href":"https:\/\/www.amtusedom.de\/index.php?rest_route=\/wp\/v2\/users\/2"}],"replies":[{"embeddable":true,"href":"https:\/\/www.amtusedom.de\/index.php?rest_route=%2Fwp%2Fv2%2Fcomments&post=774"}],"version-history":[{"count":38,"href":"https:\/\/www.amtusedom.de\/index.php?rest_route=\/wp\/v2\/pages\/774\/revisions"}],"predecessor-version":[{"id":8138,"href":"https:\/\/www.amtusedom.de\/index.php?rest_route=\/wp\/v2\/pages\/774\/revisions\/8138"}],"up":[{"embeddable":true,"href":"https:\/\/www.amtusedom.de\/index.php?rest_route=\/wp\/v2\/pages\/750"}],"wp:attachment":[{"href":"https:\/\/www.amtusedom.de\/index.php?rest_route=%2Fwp%2Fv2%2Fmedia&parent=774"}],"curies":[{"name":"wp","href":"https:\/\/api.w.org\/{rel}","templated":true}]}}