{"id":788,"date":"2012-09-06T15:02:22","date_gmt":"2012-09-06T13:02:22","guid":{"rendered":"http:\/\/localhost\/wp\/?page_id=788"},"modified":"2020-09-03T10:38:45","modified_gmt":"2020-09-03T08:38:45","slug":"ortsrecht-gemeinde-zempin-offentliche-bekanntmachungen","status":"publish","type":"page","link":"https:\/\/www.amtusedom.de\/?page_id=788","title":{"rendered":"Ortsrecht \u2013 Gemeinde Zempin: \u00d6ffentliche Bekanntmachungen"},"content":{"rendered":"<p><strong>Gemeinde Zempin &#8211; \u00d6ffentliche Bekanntmachungen<\/strong><\/p>\n\n<table id=\"tablepress-15\" class=\"tablepress tablepress-id-15\">\n<thead>\n<tr class=\"row-1\">\n\t<th class=\"column-1\">Ver\u00f6ffentlicht am<\/th><th class=\"column-2\">Bekanntmachung<\/th>\n<\/tr>\n<\/thead>\n<tbody class=\"row-striping\">\n<tr class=\"row-2\">\n\t<td class=\"column-1\">23.02.2021<\/td><td class=\"column-2\"><a target=\"_blank\" href=\"ortsrecht\/bm_zempin\/bekanntmachung-20210223-1-zempin.pdf\" rel=\"noopener noreferrer\">Bekanntmachung der Gemeinde Zempin \u00fcber den Beschluss Nr. GVZe-0274\/20 vom 08.12.2020 zur Aufstellung der 3. \u00c4nderung des Fl\u00e4chennutzungsplanes der Gemeinde Zempin<\/a><\/td>\n<\/tr>\n<tr class=\"row-3\">\n\t<td class=\"column-1\">23.02.2021<\/td><td class=\"column-2\"><a target=\"_blank\" href=\"ortsrecht\/bm_zempin\/bekanntmachung-20210223-2-zempin.pdf\" rel=\"noopener noreferrer\">Bekanntmachung der Gemeinde Zempin \u00fcber den Beschluss Nr. GVZe-0297\/21 vom 22.02.2021 \u00fcber die 1. Verl\u00e4ngerung der Ver\u00e4nderungssperre in Verbindung mit der Aufstellung des Bebauungsplanes Nr. 6 \u201eTouristische Infrastruktur - Einzelhandel\u201c der Gemeinde Zempin<\/a><\/td>\n<\/tr>\n<tr class=\"row-4\">\n\t<td class=\"column-1\">24.02.2021<\/td><td class=\"column-2\"><a target=\"_blank\" href=\"ortsrecht\/bm_zempin\/bekanntmachung-20210224-zempin.pdf\" rel=\"noopener noreferrer\">Bekanntmachung der Haushaltssatzung der Gemeinde Zempin f\u00fcr das Haushaltsjahr 2021<\/a><\/td>\n<\/tr>\n<tr class=\"row-5\">\n\t<td class=\"column-1\">14.06.2021<\/td><td class=\"column-2\"><a target=\"_blank\" href=\"ortsrecht\/bm_zempin\/bekanntmachung-20210614-zempin.pdf\" rel=\"noopener noreferrer\">Bekanntmachung der Gemeinde Zempin \u00fcber den Jahresabschluss 2019 des Eigenbetriebes Fremdenverkehrsamt Seebad Zempin gem\u00e4\u00df \u00a7 14 Abs. 5 Kommunalpr\u00fcfungsgesetz M-V<\/a><\/td>\n<\/tr>\n<tr class=\"row-6\">\n\t<td class=\"column-1\">07.09.2021<\/td><td class=\"column-2\"><a target=\"_blank\" href=\"ortsrecht\/bm_zempin\/bekanntmachung-20210907-zempin.pdf\" rel=\"noopener noreferrer\">Bekanntmachung der Gemeinde Zempin zum Beschluss Nr. GVZe-0326\/21 vom 16.08.2021 \u00fcber den Entwurf und die Auslegung des Bebauungsplanes Nr. 6 \u201eOrtsmitte zwischen Strandstra\u00dfe und Fischerstra\u00dfe\u201c der Gemeinde Zempin<\/a><\/td>\n<\/tr>\n<tr class=\"row-7\">\n\t<td class=\"column-1\">14.12.2021<\/td><td class=\"column-2\"><a target=\"_blank\" href=\"ortsrecht\/bm_zempin\/bekanntmachung-20211214-zempin.pdf\" rel=\"noopener noreferrer\">Bekanntmachung der Haushaltssatzung der Gemeinde Zempin f\u00fcr das Haushaltsjahr 2022 f\u00fcr den Eigenbetrieb Fremdenverkehrsamt<\/a><\/td>\n<\/tr>\n<tr class=\"row-8\">\n\t<td class=\"column-1\">03.02.2022<\/td><td class=\"column-2\"><a target=\"_blank\" href=\"ortsrecht\/bm_zempin\/bekanntmachung-20220203-zempin.pdf\" rel=\"noopener noreferrer\">\u00d6ffentliche Bekanntmachung einer Offenlegung der Niederschrift \u00fcber den Grenztermin<\/a><\/td>\n<\/tr>\n<tr class=\"row-9\">\n\t<td class=\"column-1\">24.02.2022<\/td><td class=\"column-2\"><a target=\"_blank\" href=\"ortsrecht\/bm_zempin\/bekanntmachung-20220224-zempin.pdf\" rel=\"noopener noreferrer\">Bekanntmachung der Haushaltssatzung der Gemeinde Zempin f\u00fcr das Haushaltsjahr 2022<\/a><\/td>\n<\/tr>\n<tr class=\"row-10\">\n\t<td class=\"column-1\">03.03.2022<\/td><td class=\"column-2\"><a target=\"_blank\" href=\"ortsrecht\/bm_zempin\/bekanntmachung-20220303-zempin.pdf\" rel=\"noopener noreferrer\">Bekanntmachung der Gemeinde Zempin zum Beschluss Nr. GVZe-0358\/22 vom 21.02.2022 \u00fcber die Satzung zum Bebauungsplan Nr. 6 \"Ortsmitte zwischen Strandstra\u00dfe und Fischerstra\u00dfe\" der Gemeinde Zempin<\/a><\/td>\n<\/tr>\n<tr class=\"row-11\">\n\t<td class=\"column-1\">01.04.2022<\/td><td class=\"column-2\"><a target=\"_blank\" href=\"ortsrecht\/bm_zempin\/bekanntmachung-20220401-zempin.pdf\" rel=\"noopener noreferrer\">Bekanntmachung Terminbestimmung \u00d6ffentliche Versteigerung<\/a><\/td>\n<\/tr>\n<tr class=\"row-12\">\n\t<td class=\"column-1\">18.10.2022<\/td><td class=\"column-2\"><a target=\"_blank\" href=\"ortsrecht\/bm_zempin\/bekanntmachung-20221018-zempin.pdf\" rel=\"noopener noreferrer\">Bekanntmachung der Gemeinde Zempin \u00fcber den Jahresabschluss 2020 des Eigenbetriebes Fremdenverkehrsamt Seebad Zempin gem\u00e4\u00df \u00a7 14 Abs. 5 Kommunalpr\u00fcfungsgesetz M-V<\/a><\/td>\n<\/tr>\n<tr class=\"row-13\">\n\t<td class=\"column-1\">22.11.2022<\/td><td class=\"column-2\"><a target=\"_blank\" href=\"ortsrecht\/bm_zempin\/bekanntmachung-20221122-zempin.pdf\" rel=\"noopener noreferrer\">   Orts\u00fcbliche Bekanntmachung                                                              der Offenlegung der Niederschrift \u00fcber den Grenztermin<\/a><\/td>\n<\/tr>\n<tr class=\"row-14\">\n\t<td class=\"column-1\">24.01.2023<\/td><td class=\"column-2\"><a target=\"_blank\" href=\"ortsrecht\/bm_zempin\/BekanntmachungHaushaltssatzungFVAZempin2023.pdf\" rel=\"noopener noreferrer\">   Bekanntmachung der Haushaltssatzung der Gemeinde Zempin<br \/>\nf\u00fcr das Haushaltsjahr 2023<br \/>\n<\/a><\/td>\n<\/tr>\n<tr class=\"row-15\">\n\t<td class=\"column-1\">27.01.2023<\/td><td class=\"column-2\"><a target=\"_blank\" href=\"ortsrecht\/bm_zempin\/BekJAKVZempin2021.pdf\" rel=\"noopener noreferrer\">Bekanntmachung der Gemeinde Zempin \u00fcber den Jahresabschluss 2021 des Eigenbetriebes Fremdenverkehrsamt Seebad Zempin gem\u00e4\u00df \u00a7 14 Abs. 5 Kommunalpr\u00fcfungsgesetz M-V<\/a><\/td>\n<\/tr>\n<tr class=\"row-16\">\n\t<td class=\"column-1\">13.02.2023<\/td><td class=\"column-2\"><a target=\"_blank\" href=\"ortsrecht\/bm_zempin\/Bek_Beramt_HST_Gas_Lubmin.pdf\" rel=\"noopener noreferrer\">\u00d6ffentliche Bekanntmachnung des Bergamtes Stralsund<\/a><\/td>\n<\/tr>\n<tr class=\"row-17\">\n\t<td class=\"column-1\">14.03.2023<\/td><td class=\"column-2\"><a target=\"_blank\" href=\"ortsrecht\/bm_zempin\/Zempin2BekanntmachungHaushaltssatzung2023V.pdf\" rel=\"noopener noreferrer\">2. Bekanntmachung der Haushaltssatzung der Gemeinde Zempin f\u00fcr das Haushaltsjahr 2023<\/a><\/td>\n<\/tr>\n<tr class=\"row-18\">\n\t<td class=\"column-1\">01.08.2023<\/td><td class=\"column-2\"><a target=\"_blank\" href=\"https:\/\/www.amtusedom.de\/wp-content\/uploads\/2023\/08\/Zempin-JR-2017-Bekanntmachung.pdf\" rel=\"noopener\">Bekanntmachung der Feststellung des Jahresabschlusses 2017 und der Entlastung des B\u00fcrgermeisters der Gemeinde Zempin<\/a><\/td>\n<\/tr>\n<tr class=\"row-19\">\n\t<td class=\"column-1\">04.09.2023<\/td><td class=\"column-2\"><a target=\"_blank\" href=\"https:\/\/www.amtusedom.de\/wp-content\/uploads\/2023\/09\/230822_Bekanntmachung_PFB_an_Zempin_inkl_scan.pdf\" rel=\"noopener\">Bekanntmachung zum Abschluss des Planfeststellungsverfahrens f\u00fcr den Bau und Betrieb der Ostsee-Anbindungs-Leitung (OAL)<\/a><\/td>\n<\/tr>\n<tr class=\"row-20\">\n\t<td class=\"column-1\">24.01.2024<\/td><td class=\"column-2\"><a target=_blank\" href=\"https:\/\/www.amtusedom.de\/wp-content\/uploads\/2024\/01\/Bekanntmachung-der-Haushaltssatzung-der-Gemeinde-Zempin-fuer-das-Haushaltsjahr-2024.pdf\">Bekanntmachung der Haushaltssatzung der Gemeinde Zempin f\u00fcr das Haushaltsjahr 2024<\/a><\/td>\n<\/tr>\n<tr class=\"row-21\">\n\t<td class=\"column-1\">01.02.2024<\/td><td class=\"column-2\"><a target=\"_blank\" href=\"https:\/\/www.amtusedom.de\/wp-content\/uploads\/2024\/02\/Bek.-JA-FVA-Zempin-2022.pdf\" rel=\"noopener\">Bekanntmachung der Gemeinde Zempin \u00fcber den Jahresabschluss 2022 des Eigenbetriebes Fremdenverkehrsamt Seebad Zempin gem\u00e4\u00df \u00a7 14 Abs. 5 Kommunalpr\u00fcfungsgesetz M-V<\/a><\/td>\n<\/tr>\n<tr class=\"row-22\">\n\t<td class=\"column-1\">08.02.2024<\/td><td class=\"column-2\"><a target=\"_blank\" href=\"https:\/\/www.amtusedom.de\/wp-content\/uploads\/2024\/02\/Bek.-AG-HGW-Zempin.pdf\" rel=\"noopener\">Bekanntmachung Amtsgericht Greifswald - ZMPIN-35-1<\/a><\/td>\n<\/tr>\n<tr class=\"row-23\">\n\t<td class=\"column-1\">04.04.2024<\/td><td class=\"column-2\"><a target=\"_blank\" href=\"https:\/\/www.amtusedom.de\/wp-content\/uploads\/2024\/04\/Ausschreibung-Imibss-Hochuferweg-2024.pdf\" rel=\"noopener\">Ausschreibung Imbiss Hochuferweg 2024<\/a><\/td>\n<\/tr>\n<tr class=\"row-24\">\n\t<td class=\"column-1\">21.05.2024<\/td><td class=\"column-2\"><a target=\"_blank\" href=\"https:\/\/www.amtusedom.de\/wp-content\/uploads\/2024\/05\/Zempin-JAB-2018.pdf\" rel=\"noopener\">Bekanntmachung der Feststellung des Jahresabschlusses 2018 und der Entlastung des B\u00fcrgermeisters der Gemeinde Zempin<\/a><\/td>\n<\/tr>\n<tr class=\"row-25\">\n\t<td class=\"column-1\">14.08.2024<\/td><td class=\"column-2\"><a target=\"_blank\" href=\"https:\/\/www.amtusedom.de\/wp-content\/uploads\/2024\/08\/Bek.-AG-HGW-Zempin.pdf\" rel=\"noopener\">Amtsgericht Greifswald - Terminsbestimmung Zum Zwecke der Aufhebung der Gemeinschaft<\/a><\/td>\n<\/tr>\n<tr class=\"row-26\">\n\t<td class=\"column-1\">25.09.2024<\/td><td class=\"column-2\"><a target=\"_blank\" href=\"https:\/\/www.amtusedom.de\/wp-content\/uploads\/2024\/09\/Ausschreibung-Imbissflaeche-Kurplatz2025.pdf\" rel=\"noopener\">Ausschreibung Imbissfl\u00e4che Kurplatz 2025<\/a><\/td>\n<\/tr>\n<tr class=\"row-27\">\n\t<td class=\"column-1\">25.09.2024<\/td><td class=\"column-2\"><a target=\"_blank\" href=\"https:\/\/www.amtusedom.de\/wp-content\/uploads\/2024\/09\/Ausschreibung-Strandreinigung-2025-2029.pdf\" rel=\"noopener\">Ausschreibung Strandreinigung 2025-2029<\/a><\/td>\n<\/tr>\n<tr class=\"row-28\">\n\t<td class=\"column-1\">16.12.2024<\/td><td class=\"column-2\"><a target=\"_blank\" href=\"https:\/\/www.amtusedom.de\/wp-content\/uploads\/2024\/12\/00000-Zempin-JAB-2019.pdf\">Bekanntmachung der Feststellung des Jahresabschlusses 2019 und der Entlastung des B\u00fcrgermeisters der Gemeinde Zempin<\/a><\/td>\n<\/tr>\n<tr class=\"row-29\">\n\t<td class=\"column-1\">16.12.2024<\/td><td class=\"column-2\"><a target=\"_blank\" href=\"https:\/\/www.amtusedom.de\/wp-content\/uploads\/2024\/12\/Bekanntmachung-Haushaltssatzung-FVA-Zempin-2025.pdf\">Bekanntmachung der Haushaltssatzung der Gemeinde Zempin f\u00fcr das Haushaltsjahr 2025<\/a><\/td>\n<\/tr>\n<tr class=\"row-30\">\n\t<td class=\"column-1\">15.01.2025<\/td><td class=\"column-2\"><a target=\"_blank\" href=\"https:\/\/www.amtusedom.de\/wp-content\/uploads\/2025\/01\/Zempin-Bekanntmachung-Haushaltssatzung-2025.pdf\">2. Bekanntmachung der Haushaltssatzung der Gemeinde Zempin f\u00fcr das Haushaltsjahr 2025<\/a><\/td>\n<\/tr>\n<tr class=\"row-31\">\n\t<td class=\"column-1\">16.01.2025<\/td><td class=\"column-2\"><a target=\"_blank\" href=\"https:\/\/www.amtusedom.de\/wp-content\/uploads\/2025\/01\/Amtsblatt-Bestaetigungsvermerk-OffenlegungJA2023.pdf\">Bekanntmachung der Gemeinde Zempin  \u00fcber den Jahresabschluss 2023 des Eigenbetriebes Fremdenverkehrsamt Seebad Zempin gem\u00e4\u00df \u00a7 14 Abs. 5 Kommunalpr\u00fcfungsgesetz M-V<\/a><\/td>\n<\/tr>\n<tr class=\"row-32\">\n\t<td class=\"column-1\">11.03.2025<\/td><td class=\"column-2\"><a target=\"_blank\" href=\"https:\/\/www.amtusedom.de\/wp-content\/uploads\/2025\/03\/Oeffentliche-Bekanntmachung-Zempin-2025.pdf\">\u00d6ffentliche Bekanntmachung Aufkommensneutrale Hebes\u00e4tze der Gemeinde Zempin f\u00fcr die Grundsteuer A und B f\u00fcr das Jahr 2025<\/a><\/td>\n<\/tr>\n<tr class=\"row-33\">\n\t<td class=\"column-1\">07.04.2025<\/td><td class=\"column-2\"><a target=\"_blank\" href=\"https:\/\/www.amtusedom.de\/wp-content\/uploads\/2025\/04\/Ortsuebliche-Bekanntmachung-der-Offenlegung-der-Niederschrift-ueber-den-Grenztermin.pdf\">Orts\u00fcbliche Bekanntmachung der Offenlegung der Niederschrift \u00fcber den Grenztermin<\/a><\/td>\n<\/tr>\n<tr class=\"row-34\">\n\t<td class=\"column-1\">04.06.2025<\/td><td class=\"column-2\"><a target=\"_blank\" href=\"https:\/\/www.amtusedom.de\/wp-content\/uploads\/2025\/06\/Bekanntmachung-Amtsgericht-Greifswald-41-K-34.23.pdf\">Bekanntmachung Amtsgericht Greifswald - 41 K 34.23<\/a><\/td>\n<\/tr>\n<tr class=\"row-35\">\n\t<td class=\"column-1\">12.06.2025<\/td><td class=\"column-2\"><a target=\"_blank\" href=\"https:\/\/www.amtusedom.de\/wp-content\/uploads\/2025\/06\/Bekanntmachung-der-Feststellung-des-Jahresabschlusses-2020-und-der-Entlastung-des-Buergermeisters-der-Gemeinde-Zempin.pdf\">Bekanntmachung der Feststellung des Jahresabschlusses 2020 und der Entlastung des B\u00fcrgermeisters der Gemeinde Zempin<\/a><\/td>\n<\/tr>\n<tr class=\"row-36\">\n\t<td class=\"column-1\">10.09.2025<\/td><td class=\"column-2\"><a target=\"_blank\" href=\"https:\/\/www.amtusedom.de\/wp-content\/uploads\/2025\/09\/Bek.-AH-HGW-Zempin.pdf\">Amtsgericht Greifswald - Terminsbestimmung Aktenzeichen 41 K 60\/24<\/a><\/td>\n<\/tr>\n<tr class=\"row-37\">\n\t<td class=\"column-1\">19.09.2025<\/td><td class=\"column-2\"><a target=\"_blank\" href=\"https:\/\/www.amtusedom.de\/wp-content\/uploads\/2025\/09\/Ortsuebliche-Bekanntmachung-der-Offenlegung-der-Niederschrift-ueber-den-Grenztermin.pdf\">Orts\u00fcbliche Bekanntmachung der Offenlegung der Niederschrift \u00fcber den Grenztermin<\/a><\/td>\n<\/tr>\n<tr class=\"row-38\">\n\t<td class=\"column-1\">02.12.2025<\/td><td class=\"column-2\"><a target=\"_blank\" href=\"https:\/\/www.amtusedom.de\/wp-content\/uploads\/2025\/12\/Bek.-JA-FVS-Zempin-2024.pdf\">Bekanntmachung der Gemeinde Zempin \u00fcber den Jahresabschluss 2024 des Eigenbetriebes Fremdenverkehrsamt Seebad Zempin gem\u00e4\u00df \u00a7 14 Abs. 5 Kommunalpr\u00fcfungsgesetz M-V<\/a><\/td>\n<\/tr>\n<tr class=\"row-39\">\n\t<td class=\"column-1\">15.12.2025<\/td><td class=\"column-2\"><a target=\"_blank\" href=\"https:\/\/www.amtusedom.de\/wp-content\/uploads\/2025\/12\/Bekanntmachung-AG-HGW-fuer-Zempin.pdf\">Bekanntmachung AG HGW f\u00fcr Zempin<\/a><\/td>\n<\/tr>\n<tr class=\"row-40\">\n\t<td class=\"column-1\">04.02.2026<\/td><td class=\"column-2\"><a target=\"_blank\" href=\"https:\/\/www.amtusedom.de\/wp-content\/uploads\/2026\/04\/Mitteilung_zum_Grenztermin_ortsuebliche-Bekanntmachung-002.pdf\">Mitteilung_zum_Grenztermin_orts\u00fcbliche Bekanntmachung<\/a><\/td>\n<\/tr>\n<tr class=\"row-41\">\n\t<td class=\"column-1\">09.02.2026<\/td><td class=\"column-2\"><a href=\"https:\/\/www.amtusedom.de\/wp-content\/uploads\/2026\/02\/Zempin-Bekanntmachung-Haushaltssatzung-2026.pdf\" target=\"_blank\">Bekanntmachung der Haushaltssatzung der Gemeinde Zempin f\u00fcr das Haushaltsjahr 2026<\/a><\/td>\n<\/tr>\n<\/tbody>\n<\/table>\n<!-- #tablepress-15 from cache -->\n<p><a href=\"?page_id=2673\" title=\"\u00d6ffentliche Bekanntmachungen Gemeinde Zempin - Archiv\">\u00c4ltere Bekanntmachungen&#8230;<\/a><\/p>","protected":false},"excerpt":{"rendered":"<p>Gemeinde Zempin &#8211; \u00d6ffentliche Bekanntmachungen \u00c4ltere Bekanntmachungen&#8230;<\/p>\n","protected":false},"author":2,"featured_media":0,"parent":785,"menu_order":0,"comment_status":"closed","ping_status":"closed","template":"","meta":{"footnotes":""},"class_list":["post-788","page","type-page","status-publish","hentry"],"_links":{"self":[{"href":"https:\/\/www.amtusedom.de\/index.php?rest_route=\/wp\/v2\/pages\/788","targetHints":{"allow":["GET"]}}],"collection":[{"href":"https:\/\/www.amtusedom.de\/index.php?rest_route=\/wp\/v2\/pages"}],"about":[{"href":"https:\/\/www.amtusedom.de\/index.php?rest_route=\/wp\/v2\/types\/page"}],"author":[{"embeddable":true,"href":"https:\/\/www.amtusedom.de\/index.php?rest_route=\/wp\/v2\/users\/2"}],"replies":[{"embeddable":true,"href":"https:\/\/www.amtusedom.de\/index.php?rest_route=%2Fwp%2Fv2%2Fcomments&post=788"}],"version-history":[{"count":18,"href":"https:\/\/www.amtusedom.de\/index.php?rest_route=\/wp\/v2\/pages\/788\/revisions"}],"predecessor-version":[{"id":5964,"href":"https:\/\/www.amtusedom.de\/index.php?rest_route=\/wp\/v2\/pages\/788\/revisions\/5964"}],"up":[{"embeddable":true,"href":"https:\/\/www.amtusedom.de\/index.php?rest_route=\/wp\/v2\/pages\/785"}],"wp:attachment":[{"href":"https:\/\/www.amtusedom.de\/index.php?rest_route=%2Fwp%2Fv2%2Fmedia&parent=788"}],"curies":[{"name":"wp","href":"https:\/\/api.w.org\/{rel}","templated":true}]}}