{"id":802,"date":"2012-09-06T15:41:38","date_gmt":"2012-09-06T13:41:38","guid":{"rendered":"http:\/\/localhost\/wp\/?page_id=802"},"modified":"2023-08-03T12:46:30","modified_gmt":"2023-08-03T10:46:30","slug":"ortsrecht-gemeinde-zempin-finanz-und-steuerrecht","status":"publish","type":"page","link":"https:\/\/www.amtusedom.de\/?page_id=802","title":{"rendered":"Ortsrecht &#8211; Gemeinde Zempin: Finanz- und Steuerrecht"},"content":{"rendered":"\n<table id=\"tablepress-112\" class=\"tablepress tablepress-id-112\">\n<thead>\n<tr class=\"row-1\">\n\t<th class=\"column-1\">\t<a href=\"https:\/\/www.amtusedom.de\/ortsrecht\/or_zempin\/satzung-zempin-hundesteuer.pdf\" target=\"_blank\" rel=\"noopener noreferrer\">Satzung \u00fcber die Erhebung einer Hundesteuer<\/a><\/th>\n<\/tr>\n<\/thead>\n<tbody class=\"row-striping row-hover\">\n<tr class=\"row-2\">\n\t<td class=\"column-1\">\t<a href=\"https:\/\/www.amtusedom.de\/ortsrecht\/or_zempin\/zempin13.pdf\" target=\"_blank\" rel=\"noopener noreferrer\">Satzung \u00fcber die Stundung, Niederschlagung und Erla\u00df von Anspr\u00fcchen der Gemeinde Seebad Zempin<\/a><\/td>\n<\/tr>\n<tr class=\"row-3\">\n\t<td class=\"column-1\">\t<a href=\"https:\/\/www.amtusedom.de\/ortsrecht\/or_zempin\/zempin18.pdf\" target=\"_blank\" rel=\"noopener noreferrer\">Satzung \u00fcber die Erhebung einer Vergn\u00fcgungssteuer f\u00fcr das Halten von Spiel \u2013 und Geschicklichkeitsger\u00e4ten<\/a><\/td>\n<\/tr>\n<tr class=\"row-4\">\n\t<td class=\"column-1\">\t<a href=\"https:\/\/www.amtusedom.de\/ortsrecht\/or_zempin\/satzung-zempin-wabo-aend3.pdf\" target=\"_blank\" rel=\"noopener noreferrer\">3. Satzung zur \u00c4nderung der Satzung \u00fcber die Erhebung von Geb\u00fchren zur Deckung der Verbandsbeitr\u00e4ge des Wasser- und Bodenverbandes \u201eInsel Usedom-Peenestrom\" der Gemeinde Zempin vom 26. November 2012<\/a><\/td>\n<\/tr>\n<tr class=\"row-5\">\n\t<td class=\"column-1\"><a href=\"https:\/\/www.amtusedom.de\/ortsrecht\/or_zempin\/satzung-zempin-wabo-aend4.pdf\" target=\"_blank\" rel=\"noopener noreferrer\">4. Satzung zur \u00c4nderung der Satzung \u00fcber die Erhebung von Geb\u00fchren zur Deckung der Verbandsbeitr\u00e4ge des Wasser- und Bodenverbandes \u201eInsel Usedom-Peenestrom\" der Gemeinde Zempin vom 30. Dezember 2013<\/a><\/td>\n<\/tr>\n<tr class=\"row-6\">\n\t<td class=\"column-1\"><a href=\"https:\/\/www.amtusedom.de\/ortsrecht\/or_zempin\/satzung-zempin-wabo-aend5.pdf\" target=\"_blank\" rel=\"noopener noreferrer\">5. Satzung zur \u00c4nderung der Satzung \u00fcber die Erhebung von Geb\u00fchren zur Deckung der Verbandsbeitr\u00e4ge des Wasser- und Bodenverbandes \u201eInsel Usedom-Peenestrom\" der Gemeinde Zempin vom 25. M\u00e4rz 2020<\/a><\/td>\n<\/tr>\n<tr class=\"row-7\">\n\t<td class=\"column-1\">\t<a href=\"https:\/\/www.amtusedom.de\/ortsrecht\/or_zempin\/satzung-zempin-wabo-lf.pdf\" target=\"_blank\" rel=\"noopener noreferrer\">Satzung der Gemeinde Zempin \u00fcber die Erhebung von Geb\u00fchren zur Deckung der Verbandsbeitr\u00e4ge des Wasser- und Bodenverbandes \u201eInsel Usedom-Peenestrom\u201c - Lesefassung<\/a><\/td>\n<\/tr>\n<tr class=\"row-8\">\n\t<td class=\"column-1\"><a href=\"https:\/\/www.amtusedom.de\/ortsrecht\/or_zempin\/zempin-zweitwohnsteuer-aend1.pdf\" target=\"_blank\" rel=\"noopener noreferrer\">1. Satzung zu \u00c4nderung der Satzung der Gemeinde Zempin \u00fcber die Erhebung einer Zweitwohnungssteuer<\/a><\/td>\n<\/tr>\n<tr class=\"row-9\">\n\t<td class=\"column-1\"><a href=\"https:\/\/www.amtusedom.de\/ortsrecht\/or_zempin\/zempin-zweitwohnsteuer-aend2.pdf\" target=\"_blank\" rel=\"noopener noreferrer\">2. Satzung zu \u00c4nderung der Satzung der Gemeinde Zempin \u00fcber die Erhebung einer Zweitwohnungssteuer<\/a><\/td>\n<\/tr>\n<tr class=\"row-10\">\n\t<td class=\"column-1\">\t<a href=\"https:\/\/www.amtusedom.de\/ortsrecht\/or_zempin\/zempin-zweitwohnsteuer-lf.pdf\" target=\"_blank\" rel=\"noopener noreferrer\">Satzung der Gemeinde Zempin \u00fcber die Erhebung einer Zweitwohnungssteuer<\/a><\/td>\n<\/tr>\n<tr class=\"row-11\">\n\t<td class=\"column-1\"><a href=\"https:\/\/www.amtusedom.de\/ortsrecht\/or_zempin\/satzung-zempin-hebesatzung2020.pdf\" target=\"_blank\" rel=\"noopener noreferrer\">Satzung \u00fcber die Festsetzung der Hebes\u00e4tze f\u00fcr die Grundsteuer und Gewerbesteuer in der Gemeinde Zempin (Hebesatzsatzung 2020)<\/a><\/td>\n<\/tr>\n<tr class=\"row-12\">\n\t<td class=\"column-1\"><a target=\"_blank\" href=\"https:\/\/www.amtusedom.de\/wp-content\/uploads\/2025\/01\/Hebesatzsatzung2025Zempin.pdf\">Satzung \u00fcber die Festsetzung der Hebes\u00e4tze f\u00fcr die Grundsteuer und Gewerbesteuer in der Gemeinde Zempin (Hebesatzsatzung 2025)<\/a><\/td>\n<\/tr>\n<\/tbody>\n<\/table>\n<!-- #tablepress-112 from cache -->","protected":false},"excerpt":{"rendered":"","protected":false},"author":2,"featured_media":0,"parent":785,"menu_order":3,"comment_status":"closed","ping_status":"closed","template":"","meta":{"footnotes":""},"class_list":["post-802","page","type-page","status-publish","hentry"],"_links":{"self":[{"href":"https:\/\/www.amtusedom.de\/index.php?rest_route=\/wp\/v2\/pages\/802","targetHints":{"allow":["GET"]}}],"collection":[{"href":"https:\/\/www.amtusedom.de\/index.php?rest_route=\/wp\/v2\/pages"}],"about":[{"href":"https:\/\/www.amtusedom.de\/index.php?rest_route=\/wp\/v2\/types\/page"}],"author":[{"embeddable":true,"href":"https:\/\/www.amtusedom.de\/index.php?rest_route=\/wp\/v2\/users\/2"}],"replies":[{"embeddable":true,"href":"https:\/\/www.amtusedom.de\/index.php?rest_route=%2Fwp%2Fv2%2Fcomments&post=802"}],"version-history":[{"count":18,"href":"https:\/\/www.amtusedom.de\/index.php?rest_route=\/wp\/v2\/pages\/802\/revisions"}],"predecessor-version":[{"id":8163,"href":"https:\/\/www.amtusedom.de\/index.php?rest_route=\/wp\/v2\/pages\/802\/revisions\/8163"}],"up":[{"embeddable":true,"href":"https:\/\/www.amtusedom.de\/index.php?rest_route=\/wp\/v2\/pages\/785"}],"wp:attachment":[{"href":"https:\/\/www.amtusedom.de\/index.php?rest_route=%2Fwp%2Fv2%2Fmedia&parent=802"}],"curies":[{"name":"wp","href":"https:\/\/api.w.org\/{rel}","templated":true}]}}