{"id":806,"date":"2012-09-06T15:44:45","date_gmt":"2012-09-06T13:44:45","guid":{"rendered":"http:\/\/localhost\/wp\/?page_id=806"},"modified":"2023-08-03T12:58:47","modified_gmt":"2023-08-03T10:58:47","slug":"ortsrecht-gemeinde-zempin-baurecht","status":"publish","type":"page","link":"https:\/\/www.amtusedom.de\/?page_id=806","title":{"rendered":"Ortsrecht &#8211; Gemeinde Zempin: Baurecht"},"content":{"rendered":"\n<table id=\"tablepress-114\" class=\"tablepress tablepress-id-114\">\n<thead>\n<tr class=\"row-1\">\n\t<td class=\"column-1\"><\/td>\n<\/tr>\n<\/thead>\n<tbody class=\"row-striping row-hover\">\n<tr class=\"row-2\">\n\t<td class=\"column-1\"> \t<a href=\"https:\/\/www.amtusedom.de\/ortsrecht\/or_zempin\/zempin08.pdf\" target=\"_blank\" rel=\"noopener noreferrer\">Satzung der Gemeinde Zempin \u00fcber die Erhaltung baulicher Anlagen und der Eigenart von Gebieten (Erhaltungssatzung)<\/a><\/td>\n<\/tr>\n<tr class=\"row-3\">\n\t<td class=\"column-1\"> \t<a href=\"https:\/\/www.amtusedom.de\/ortsrecht\/or_zempin\/zempin12.pdf\" target=\"_blank\" rel=\"noopener noreferrer\">Satzung \u00fcber die Erhebung von Erschlie\u00dfungsbeitr\u00e4gen in der Gemeinde Zempin<\/a><\/td>\n<\/tr>\n<tr class=\"row-4\">\n\t<td class=\"column-1\"> \t<a href=\"https:\/\/www.amtusedom.de\/ortsrecht\/or_zempin\/zempin16.pdf\" target=\"_blank\" rel=\"noopener noreferrer\">Satzung der Gemeinde Seebad Zempin \u00fcber die Erhebung von Beitr\u00e4gen f\u00fcr den Ausbau von Stra\u00dfen, Wegen und Pl\u00e4tzen<\/a><\/td>\n<\/tr>\n<tr class=\"row-5\">\n\t<td class=\"column-1\"> \t<a href=\"https:\/\/www.amtusedom.de\/ortsrecht\/or_zempin\/satzung-zempin-strassenschilder.pdf\" target=\"_blank\" rel=\"noopener noreferrer\">Satzung \u00fcber das Anbringen von Stra\u00dfenschildern und Hausnummern in der Gemeinde Zempin<\/a><\/td>\n<\/tr>\n<tr class=\"row-6\">\n\t<td class=\"column-1\"> \t<a href=\"https:\/\/www.amtusedom.de\/ortsrecht\/or_zempin\/zempin20.pdf\" target=\"_blank\" rel=\"noopener noreferrer\">Satzung der Gemeinde Zempin \u00fcber die Herstellung notwendiger Stellpl\u00e4tze (Stellplatzsatzung)<\/a><\/td>\n<\/tr>\n<tr class=\"row-7\">\n\t<td class=\"column-1\"> \t<a href=\"https:\/\/www.amtusedom.de\/ortsrecht\/or_zempin\/zempin21.pdf\" target=\"_blank\" rel=\"noopener noreferrer\">Stellplatzabl\u00f6sesatzung der Gemeinde Zempin<\/a><\/td>\n<\/tr>\n<tr class=\"row-8\">\n\t<td class=\"column-1\"> \t<a href=\"https:\/\/www.amtusedom.de\/bauplanung\/zempin\/B-Zempin-Nr1.pdf\" target=\"_blank\" rel=\"noopener noreferrer\">B \u2013 Plan Nr. 1 \"Hansestra\u00dfe\"<\/a><\/td>\n<\/tr>\n<tr class=\"row-9\">\n\t<td class=\"column-1\"> \t<a href=\"https:\/\/www.amtusedom.de\/bauplanung\/zempin\/B-Zempin-Nr1-1Aen.pdf\" target=\"_blank\" rel=\"noopener noreferrer\">B \u2013 Plan Nr. 1 \"Hansestra\u00dfe\", 1. \u00c4nderung<\/a><\/td>\n<\/tr>\n<tr class=\"row-10\">\n\t<td class=\"column-1\"> \t<a href=\"https:\/\/www.amtusedom.de\/bauplanung\/zempin\/B-Zempin-Nr1-2Aen.pdf\" target=\"_blank\" rel=\"noopener noreferrer\">B \u2013 Plan Nr. 1 \"Hansestra\u00dfe\", 2. \u00c4nderung<\/a><\/td>\n<\/tr>\n<tr class=\"row-11\">\n\t<td class=\"column-1\"> \t<a href=\"https:\/\/www.amtusedom.de\/bauplanung\/zempin\/B-Zempin-Nr2.pdf\" target=\"_blank\" rel=\"noopener noreferrer\">B - Plan Nr. 2 \u201eStrandnahversorgung und Fischerei\u201c<\/a><\/td>\n<\/tr>\n<tr class=\"row-12\">\n\t<td class=\"column-1\"> \t<a href=\"https:\/\/www.amtusedom.de\/bauplanung\/zempin\/B-Zempin-Nr2-1Aen.pdf\" target=\"_blank\" rel=\"noopener noreferrer\">B - Plan Nr. 2 \u201eStrandnahversorgung und Fischerei\u201c, 1. \u00c4nderung<\/a><\/td>\n<\/tr>\n<tr class=\"row-13\">\n\t<td class=\"column-1\"> \t<a href=\"https:\/\/www.amtusedom.de\/bauplanung\/zempin\/B-Zempin-Nr2-2Aen.pdf\" target=\"_blank\" rel=\"noopener noreferrer\">B - Plan Nr. 2 \u201eStrandnahversorgung und Fischerei\u201c, 2. \u00c4nderung<\/a><\/td>\n<\/tr>\n<tr class=\"row-14\">\n\t<td class=\"column-1\"> \t<a href=\"https:\/\/www.amtusedom.de\/bauplanung\/zempin\/zu_den_karlsbergen.pdf\" target=\"_blank\" rel=\"noopener noreferrer\">B - Plan Nr. 3 \"Zu den Karlsbergen\"<\/a><\/td>\n<\/tr>\n<tr class=\"row-15\">\n\t<td class=\"column-1\"> \t<a href=\"https:\/\/www.amtusedom.de\/bauplanung\/zempin\/B-Zempin-Nr4.pdf\" target=\"_blank\" rel=\"noopener noreferrer\">B - Plan Nr. 4 \"Ferienhausgebiet s\u00fcdlich der Rieckstra\u00dfe\"<\/a><\/td>\n<\/tr>\n<tr class=\"row-16\">\n\t<td class=\"column-1\"> \t<a href=\"https:\/\/www.amtusedom.de\/bauplanung\/zempin\/B-Zempin-Nr5.pdf\" target=\"_blank\" rel=\"noopener noreferrer\">B - Plan Nr. 5 \"Wohngebiet \u00f6stlich der Hansestra\u00dfe\"<\/a><\/td>\n<\/tr>\n<tr class=\"row-17\">\n\t<td class=\"column-1\"><a href=\"https:\/\/www.amtusedom.de\/wp-content\/uploads\/2023\/06\/B-Zempin-Nr6.pdf\" target=\"_blank\" rel=\"noopener\">B \u2013 Plan Nr. 6 \u201eOrtsmitte zwischen Strandstra\u00dfe und Fischerstra\u00dfe\u201c<\/a><\/td>\n<\/tr>\n<tr class=\"row-18\">\n\t<td class=\"column-1\"> \t<a href=\"https:\/\/www.amtusedom.de\/bauplanung\/zempin\/S-Zempin.pdf\" target=\"_blank\" rel=\"noopener noreferrer\">Klarstellungssatzung Rechtskraft<\/a><\/td>\n<\/tr>\n<tr class=\"row-19\">\n\t<td class=\"column-1\"> \t<a href=\"https:\/\/www.amtusedom.de\/bauplanung\/zempin\/S-Zempin-Ergaenzung.pdf\" target=\"_blank\" rel=\"noopener noreferrer\">Erg\u00e4nzung Klarstellungssatzung<\/a><\/td>\n<\/tr>\n<tr class=\"row-20\">\n\t<td class=\"column-1\"> \t<a href=\"https:\/\/www.amtusedom.de\/bauplanung\/zempin\/F-Zempin.pdf\" target=\"_blank\" rel=\"noopener noreferrer\">Fl\u00e4chennutzungsplan<\/a><\/td>\n<\/tr>\n<tr class=\"row-21\">\n\t<td class=\"column-1\"> \t<a href=\"https:\/\/www.amtusedom.de\/bauplanung\/zempin\/F-Zempin-1Aen.pdf\" target=\"_blank\" rel=\"noopener noreferrer\">1. \u00c4nderung Fl\u00e4chennutzungsplan<\/a><\/td>\n<\/tr>\n<tr class=\"row-22\">\n\t<td class=\"column-1\"><a target=_blank\" href=\"https:\/\/www.amtusedom.de\/wp-content\/uploads\/2024\/09\/2.-Aend.-FNP-Zempin-2016.pdf\">2. \u00c4nderung Fl\u00e4chennutzungsplan<\/a><\/td>\n<\/tr>\n<\/tbody>\n<\/table>\n<!-- #tablepress-114 from cache -->","protected":false},"excerpt":{"rendered":"","protected":false},"author":2,"featured_media":0,"parent":785,"menu_order":4,"comment_status":"closed","ping_status":"closed","template":"","meta":{"footnotes":""},"class_list":["post-806","page","type-page","status-publish","hentry"],"_links":{"self":[{"href":"https:\/\/www.amtusedom.de\/index.php?rest_route=\/wp\/v2\/pages\/806","targetHints":{"allow":["GET"]}}],"collection":[{"href":"https:\/\/www.amtusedom.de\/index.php?rest_route=\/wp\/v2\/pages"}],"about":[{"href":"https:\/\/www.amtusedom.de\/index.php?rest_route=\/wp\/v2\/types\/page"}],"author":[{"embeddable":true,"href":"https:\/\/www.amtusedom.de\/index.php?rest_route=\/wp\/v2\/users\/2"}],"replies":[{"embeddable":true,"href":"https:\/\/www.amtusedom.de\/index.php?rest_route=%2Fwp%2Fv2%2Fcomments&post=806"}],"version-history":[{"count":15,"href":"https:\/\/www.amtusedom.de\/index.php?rest_route=\/wp\/v2\/pages\/806\/revisions"}],"predecessor-version":[{"id":8171,"href":"https:\/\/www.amtusedom.de\/index.php?rest_route=\/wp\/v2\/pages\/806\/revisions\/8171"}],"up":[{"embeddable":true,"href":"https:\/\/www.amtusedom.de\/index.php?rest_route=\/wp\/v2\/pages\/785"}],"wp:attachment":[{"href":"https:\/\/www.amtusedom.de\/index.php?rest_route=%2Fwp%2Fv2%2Fmedia&parent=806"}],"curies":[{"name":"wp","href":"https:\/\/api.w.org\/{rel}","templated":true}]}}