{"id":81,"date":"2012-08-13T14:53:33","date_gmt":"2012-08-13T12:53:33","guid":{"rendered":"http:\/\/localhost\/wp\/?page_id=81"},"modified":"2025-07-31T16:26:28","modified_gmt":"2025-07-31T14:26:28","slug":"gemeinde-loddin","status":"publish","type":"page","link":"https:\/\/www.amtusedom.de\/?page_id=81","title":{"rendered":"Gemeinde Loddin"},"content":{"rendered":"<p><a href=\"wp-content\/uploads\/2012\/08\/wappen-loddin.png\"><img loading=\"lazy\" decoding=\"async\" class=\"alignright size-full wp-image-135\" title=\"Wappen Loddin\" src=\"wp-content\/uploads\/2012\/08\/wappen-loddin.png\" alt=\"Wappen Loddin\" width=\"130\" height=\"140\" \/><\/a>Seit dem Jahr 2006 pr\u00e4sentiert sich Loddin zusammen mit seinen Nachbargemeinden Zempin, Koserow und \u00dcckeritz unter dem Titel \u201eUsedomer Bernsteinb\u00e4der\u201c. Die Fl\u00e4che der Gemeinde Loddin betr\u00e4gt 5,92 km\u00b2.<\/p>\n<p>Internet: \u00a0\u00a0 \u00a0<a href=\"http:\/\/www.seebad-loddin.de\" target=\"_blank\" rel=\"noopener noreferrer\">www.seebad-loddin.de<\/a><\/p>\n<p>Einwohnerzahl (Stand 07\/2024):<br \/>\nGemeinde Loddin insgesamt 938<\/p>\n<p style=\"background: white; vertical-align: baseline; margin: 9.0pt 0cm 9.0pt 0cm;\"><span style=\"font-size: 11.5pt; font-family: 'Lato',sans-serif; color: #111111;\">B\u00fcrgermeister der Gemeinde Seebad Loddin ist Herr Sven Werner.<br \/>\nTelefon: 038375\/2278-0 bzw. 2278-14<br \/>\nFax: 038375\/2278-18<br \/>\nBei Fragen oder Anliegen an den B\u00fcrgermeister wenden Sie sich bitte an die Kurverwaltung bzw. direkt an das Amt.<br \/>\n<span style=\"font-size: 11.5pt; font-family: 'Lato',sans-serif; color: #111111;\"><a href=\"https:\/\/www.e-rechnung-bund.de\/faq\/leitweg-id\/\" target=\"_blank\" rel=\"noopener\">Leitweg-ID<\/a>: 13 0 75 080-K000-85<\/span><\/span><\/p>\n<h2 id=\"tablepress-148-name\" class=\"tablepress-table-name tablepress-table-name-id-148\">Die Mitglieder der Gemeindevertretung Loddin haben sich am 02.07.2024 konstituiert<\/h2>\n\n<table id=\"tablepress-148\" class=\"tablepress tablepress-id-148\" aria-labelledby=\"tablepress-148-name\">\n<thead>\n<tr class=\"row-1\">\n\t<th class=\"column-1\">Name<\/th><th class=\"column-2\">Position<\/th>\n<\/tr>\n<\/thead>\n<tbody class=\"row-striping row-hover\">\n<tr class=\"row-2\">\n\t<td class=\"column-1\">Herr Sven Werner<\/td><td class=\"column-2\">B\u00fcrgermeister<\/td>\n<\/tr>\n<tr class=\"row-3\">\n\t<td class=\"column-1\">Herr Marko Block<\/td><td class=\"column-2\">1. stellvertretender B\u00fcrgermeister<\/td>\n<\/tr>\n<tr class=\"row-4\">\n\t<td class=\"column-1\">Herr Andreas Will<\/td><td class=\"column-2\">2. stellvertretender B\u00fcrgermeister<\/td>\n<\/tr>\n<tr class=\"row-5\">\n\t<td class=\"column-1\">Herr Olaf Hagemann<\/td><td class=\"column-2\">Gemeindevertreter<\/td>\n<\/tr>\n<tr class=\"row-6\">\n\t<td class=\"column-1\">Frau Gabriele Hohmann<\/td><td class=\"column-2\">Gemeindevertreterin<\/td>\n<\/tr>\n<tr class=\"row-7\">\n\t<td class=\"column-1\">Herr Thomas Wittnebel<\/td><td class=\"column-2\">Gemeindevertreter<\/td>\n<\/tr>\n<tr class=\"row-8\">\n\t<td class=\"column-1\">Herr Sebastian Kuhtz<\/td><td class=\"column-2\">Gemeindevertreter<\/td>\n<\/tr>\n<tr class=\"row-9\">\n\t<td class=\"column-1\">Frau Katrin Seeck<\/td><td class=\"column-2\">Gemeindevertreterin<\/td>\n<\/tr>\n<tr class=\"row-10\">\n\t<td class=\"column-1\">Frau Bettina Behnke<\/td><td class=\"column-2\">Gemeindevertreterin<\/td>\n<\/tr>\n<\/tbody>\n<\/table>\n<!-- #tablepress-148 from cache -->\n<p style=\"text-align: center;\"><strong>Gemeindevertretung Loddin<\/strong><\/p>\n<div id=\"attachment_9283\" style=\"width: 525px\" class=\"wp-caption aligncenter\"><a href=\"https:\/\/www.amtusedom.de\/wp-content\/uploads\/2024\/07\/Loddin2024-scaled.jpg\" target=\"_blank\" rel=\"noopener\"><img loading=\"lazy\" decoding=\"async\" aria-describedby=\"caption-attachment-9283\" class=\"wp-image-9283\" src=\"https:\/\/www.amtusedom.de\/wp-content\/uploads\/2024\/07\/Loddin2024-300x225.jpg\" alt=\"\" width=\"515\" height=\"386\" srcset=\"https:\/\/www.amtusedom.de\/wp-content\/uploads\/2024\/07\/Loddin2024-300x225.jpg 300w, https:\/\/www.amtusedom.de\/wp-content\/uploads\/2024\/07\/Loddin2024-1024x768.jpg 1024w, https:\/\/www.amtusedom.de\/wp-content\/uploads\/2024\/07\/Loddin2024-768x576.jpg 768w, https:\/\/www.amtusedom.de\/wp-content\/uploads\/2024\/07\/Loddin2024-1536x1152.jpg 1536w, https:\/\/www.amtusedom.de\/wp-content\/uploads\/2024\/07\/Loddin2024-2048x1536.jpg 2048w\" sizes=\"auto, (max-width: 515px) 100vw, 515px\" \/><\/a><p id=\"caption-attachment-9283\" class=\"wp-caption-text\">Bild v.l.n.r. Gabriele Hohmann, Olaf Hagemann, Katrin Seeck, Sebastian Kuhtz, Sven Werner, Marko Block, Bettina Behnke, Andreas Will (es fehlt Thomas Wittnebel)<\/p><\/div>\n<p><strong>Zu den Sehensw\u00fcrdigkeiten:<\/strong><\/p>\n<p>Die Gemeinde Loddin besteht aus den 3 Ortsteilen K\u00f6lpinsee, Stubbenfelde und Loddin. Erstmals urkundlich erw\u00e4hnt wurde Loddin 1270. Das Dorf Loddin l\u00e4sst noch heute mit seinen vielen sch\u00f6nen reetgedeckten H\u00e4usern den Charme und Charakter eines alten Fischer- und Bauerndorfes erkennen. Der Ausblick vom Loddiner H\u00f6ft \u00fcber das Achterwasser, der Sonnenuntergang und die Ruhe im Dorf sind ein Erlebnis wert.<\/p>\n<p>Der kleinste Ortsteil ist &#8222;Stubbenfelde&#8220;, der unmittelbar am Wald und am K\u00f6lpinsee gelegen ist. Stubbenfelde wird durch eine Steilk\u00fcste vor der See gesch\u00fctzt. In Stubbenfelde findet man neben dem herrlichen Strand auch einen idyllisch gelegenen Campingplatz. Alten Sagen zur Folge hat hier einst der Teufel gelebt, weshalb die kleine Ansiedlung unmittelbar hinter der Steilk\u00fcste auch Teufelsberg genannt wird. Zum Ortsteil &#8222;K\u00f6lpinsee gelangt man entlang der Promenade zwischen dem gleichnamigen See und der Ostsee.<\/p>\n<p>Seit 1910 ist K\u00f6lpinsee durch die Eisenbahn mit der Welt verbunden. Die Insel erlebte viele Sturmfluten. Dennoch blieb der Gemeinde bis heute der feine wei\u00dfe Sandstrand erhalten. Zum Verweilen oder auch umwandern l\u00e4dt in K\u00f6lpinsee der gleichnamige See ein, der zahlreichen Wasserv\u00f6geln als Brutplatz dient.<br \/>\nAber auch der f\u00fcr die Seeb\u00e4der typische Kurpavillon, die Heimatstube im alten Bahnhof, der Mehrgenerationenspielplatz, der Hafen am Achterwasser und auch die Orchideenwiese laden im Seebad Loddin zu einem Besuch ein.<\/p>\n<div id=\"metaslider-id-7474\" style=\"width: 100%;\" class=\"ml-slider-3-107-0 metaslider metaslider-flex metaslider-7474 ml-slider has-dots-nav ms-theme-default\" role=\"region\" aria-label=\"LoddinSlide\" data-height=\"400\" data-width=\"700\">\n    <div id=\"metaslider_container_7474\">\n        <div id=\"metaslider_7474\">\n            <ul class='slides'>\n                <li style=\"display: block; width: 100%;\" class=\"slide-7475 ms-image \" aria-roledescription=\"slide\" data-date=\"2023-04-18 11:49:01\" data-filename=\"HausdesGastes-scaled-700x400.jpg\" data-slide-type=\"image\"><img loading=\"lazy\" decoding=\"async\" src=\"https:\/\/www.amtusedom.de\/wp-content\/uploads\/2023\/04\/HausdesGastes-scaled-700x400.jpg\" height=\"400\" width=\"700\" alt=\"Haus des Gastes\" class=\"slider-7474 slide-7475 msDefaultImage\" title=\"Haus des Gastes\" \/><div class=\"caption-wrap\"><div class=\"caption\">Haus des Gastes<\/div><\/div><\/li>\n                <li style=\"display: none; width: 100%;\" class=\"slide-7476 ms-image \" aria-roledescription=\"slide\" data-date=\"2023-04-18 11:49:02\" data-filename=\"Hafen-scaled-700x400.jpg\" data-slide-type=\"image\"><img loading=\"lazy\" decoding=\"async\" src=\"https:\/\/www.amtusedom.de\/wp-content\/uploads\/2023\/04\/Hafen-scaled-700x400.jpg\" height=\"400\" width=\"700\" alt=\"Am Hafen\" class=\"slider-7474 slide-7476 msDefaultImage\" title=\"Am Hafen\" \/><div class=\"caption-wrap\"><div class=\"caption\">Am Hafen<\/div><\/div><\/li>\n                <li style=\"display: none; width: 100%;\" class=\"slide-7477 ms-image \" aria-roledescription=\"slide\" data-date=\"2023-04-18 11:49:03\" data-filename=\"AnderPromenade-scaled-700x400.jpg\" data-slide-type=\"image\"><img loading=\"lazy\" decoding=\"async\" src=\"https:\/\/www.amtusedom.de\/wp-content\/uploads\/2023\/04\/AnderPromenade-scaled-700x400.jpg\" height=\"400\" width=\"700\" alt=\"An der Promenade\" class=\"slider-7474 slide-7477 msDefaultImage\" title=\"An der Promenade\" \/><div class=\"caption-wrap\"><div class=\"caption\">An der Promenade<\/div><\/div><\/li>\n                <li style=\"display: none; width: 100%;\" class=\"slide-7478 ms-image \" aria-roledescription=\"slide\" data-date=\"2023-04-18 11:49:03\" data-filename=\"AmKoelpinsee-scaled-700x400.jpg\" data-slide-type=\"image\"><img loading=\"lazy\" decoding=\"async\" src=\"https:\/\/www.amtusedom.de\/wp-content\/uploads\/2023\/04\/AmKoelpinsee-scaled-700x400.jpg\" height=\"400\" width=\"700\" alt=\"Am Koelpinsee\" class=\"slider-7474 slide-7478 msDefaultImage\" title=\"Am Koelpinsee\" \/><div class=\"caption-wrap\"><div class=\"caption\">Am Koelpinsee<\/div><\/div><\/li>\n            <\/ul>\n        <\/div>\n        \n    <\/div>\n<\/div>","protected":false},"excerpt":{"rendered":"<p>Seit dem Jahr 2006 pr\u00e4sentiert sich Loddin zusammen mit seinen Nachbargemeinden Zempin, Koserow und \u00dcckeritz unter dem Titel \u201eUsedomer Bernsteinb\u00e4der\u201c. Die Fl\u00e4che der Gemeinde Loddin betr\u00e4gt 5,92 km\u00b2. Internet: \u00a0\u00a0 \u00a0www.seebad-loddin.de Einwohnerzahl (Stand 07\/2024): Gemeinde Loddin insgesamt 938 B\u00fcrgermeister der Gemeinde Seebad Loddin ist Herr Sven Werner. Telefon: 038375\/2278-0 bzw. 2278-14 Fax: 038375\/2278-18 Bei Fragen oder Anliegen an den B\u00fcrgermeister<\/p>\n","protected":false},"author":2,"featured_media":0,"parent":10,"menu_order":1,"comment_status":"closed","ping_status":"closed","template":"","meta":{"footnotes":""},"class_list":["post-81","page","type-page","status-publish","hentry"],"_links":{"self":[{"href":"https:\/\/www.amtusedom.de\/index.php?rest_route=\/wp\/v2\/pages\/81","targetHints":{"allow":["GET"]}}],"collection":[{"href":"https:\/\/www.amtusedom.de\/index.php?rest_route=\/wp\/v2\/pages"}],"about":[{"href":"https:\/\/www.amtusedom.de\/index.php?rest_route=\/wp\/v2\/types\/page"}],"author":[{"embeddable":true,"href":"https:\/\/www.amtusedom.de\/index.php?rest_route=\/wp\/v2\/users\/2"}],"replies":[{"embeddable":true,"href":"https:\/\/www.amtusedom.de\/index.php?rest_route=%2Fwp%2Fv2%2Fcomments&post=81"}],"version-history":[{"count":43,"href":"https:\/\/www.amtusedom.de\/index.php?rest_route=\/wp\/v2\/pages\/81\/revisions"}],"predecessor-version":[{"id":10705,"href":"https:\/\/www.amtusedom.de\/index.php?rest_route=\/wp\/v2\/pages\/81\/revisions\/10705"}],"up":[{"embeddable":true,"href":"https:\/\/www.amtusedom.de\/index.php?rest_route=\/wp\/v2\/pages\/10"}],"wp:attachment":[{"href":"https:\/\/www.amtusedom.de\/index.php?rest_route=%2Fwp%2Fv2%2Fmedia&parent=81"}],"curies":[{"name":"wp","href":"https:\/\/api.w.org\/{rel}","templated":true}]}}