{"id":822,"date":"2012-09-06T16:24:44","date_gmt":"2012-09-06T14:24:44","guid":{"rendered":"http:\/\/localhost\/wp\/?page_id=822"},"modified":"2020-09-03T10:44:41","modified_gmt":"2020-09-03T08:44:41","slug":"ortsrecht-gemeinde-zirchow-offentliche-bekanntmachungen","status":"publish","type":"page","link":"https:\/\/www.amtusedom.de\/?page_id=822","title":{"rendered":"Ortsrecht \u2013 Gemeinde Zirchow: \u00d6ffentliche Bekanntmachungen"},"content":{"rendered":"<p><strong>Ortsrecht Gemeinde Zirchow &#8211; \u00d6ffentliche Bekanntmachungen<\/strong><\/p>\n\n<table id=\"tablepress-16\" class=\"tablepress tablepress-id-16\">\n<thead>\n<tr class=\"row-1\">\n\t<th class=\"column-1\">Ver\u00f6ffentlicht am<\/th><th class=\"column-2\">Bekanntmachung<\/th>\n<\/tr>\n<\/thead>\n<tbody class=\"row-striping\">\n<tr class=\"row-2\">\n\t<td class=\"column-1\">26.02.2021<\/td><td class=\"column-2\"><a target=\"_blank\" href=\"ortsrecht\/bm_zirchow\/bekanntmachung-20210226-zirchow.pdf\" rel=\"noopener noreferrer\">Bekanntmachung der Haushaltssatzung der Gemeinde Zirchow f\u00fcr das Haushaltsjahr 2021<\/a><\/td>\n<\/tr>\n<tr class=\"row-3\">\n\t<td class=\"column-1\">09.03.2021<\/td><td class=\"column-2\"><a target=\"_blank\" href=\"ortsrecht\/bm_zirchow\/bekanntmachung-20210309-zirchow.pdf\" rel=\"noopener noreferrer\">Bekanntmachung der Gemeinde Zirchow zum Beschluss Nr. GVZi-0172\/20 vom 24.02.2021 \u00fcber die Aufstellung der 8. \u00c4nderung des Bebauungsplanes Nr. 1 \u201eVitalwelt Inseltr\u00e4ume\u201c der Gemeinde Zirchow f\u00fcr das Flurst\u00fcck 1\/117, Flur 3, Gemarkung Kutzow<\/a><\/td>\n<\/tr>\n<tr class=\"row-4\">\n\t<td class=\"column-1\">10.05.2021<\/td><td class=\"column-2\"><a target=\"_blank\" href=\"ortsrecht\/bm_zirchow\/bekanntmachung-20210510-zirchow.pdf\" rel=\"noopener noreferrer\">Bekanntmachung \u00fcber die Durchf\u00fchrung von Vorbereitungen f\u00fcr den Bau der B110\/L266 - Ortsumgehung Zirchow<\/a><\/td>\n<\/tr>\n<tr class=\"row-5\">\n\t<td class=\"column-1\">12.07.2021<\/td><td class=\"column-2\"><a target=\"_blank\" href=\"ortsrecht\/bm_zirchow\/bekanntmachung-20210712-1-zirchow.pdf\" rel=\"noopener noreferrer\">Bekanntmachung der Gemeinde Zirchow zum Beschluss Nr. GVZi-0186\/21 vom 07.07.2021 \u00fcber die Aufstellung des Bebauungsplanes Nr. 3 \u201eGewerbegebiet am Flughafen\u201c der Gemeinde Zirchow f\u00fcr das Flurst\u00fcck 216\/15 (teilweise), Flur 1, Gemarkung Kutzow und das Flurst\u00fcck 1\/20 (teilweise), Flur 3, Gemarkung Kutzow<\/a><\/td>\n<\/tr>\n<tr class=\"row-6\">\n\t<td class=\"column-1\">12.07.2021<\/td><td class=\"column-2\"><a target=\"_blank\" href=\"ortsrecht\/bm_zirchow\/bekanntmachung-20210712-2-zirchow.pdf\" rel=\"noopener noreferrer\">Bekanntmachung der Gemeinde Zirchow zum Beschluss Nr. GVZi-0187\/21 vom 07.07.2021 \u00fcber die Aufstellung der 2. \u00c4nderung des Fl\u00e4chennutzungsplanes der Gemeinde Zirchow f\u00fcr das Flurst\u00fcck 216\/15 (teilweise), Flur 1, Gemarkung Kutzow und das Flurst\u00fcck 1\/20 (teilweise), Flur 3, Gemarkung Kutzow i.V.m. der Aufstellung des Bebauungsplanes Nr. 3 \u201eGewerbegebiet am Flughafen\u201c der Gemeinde Zirchow<\/a><\/td>\n<\/tr>\n<tr class=\"row-7\">\n\t<td class=\"column-1\">24.01.2022<\/td><td class=\"column-2\"><a target=\"_blank\" href=\"ortsrecht\/bm_zirchow\/BekanntmachungOUZirchow.pdf\" rel=\"noopener noreferrer\">Bekanntmachung \u00fcber die Durchf\u00fchrung von Vorarbeiten f\u00fcr den Bau der B110\/L266 \u2013 Ortsumgehung (OU) Zirchow<\/a><\/td>\n<\/tr>\n<tr class=\"row-8\">\n\t<td class=\"column-1\">04.03.2022<\/td><td class=\"column-2\"><a target=\"_blank\" href=\"ortsrecht\/bm_zirchow\/bekanntmachung-20220304-zirchow.pdf\" rel=\"noopener noreferrer\">Bekanntmachung der Haushaltssatzung der Gemeinde Zirchow f\u00fcr das Haushaltsjahr 2022<\/a><\/td>\n<\/tr>\n<tr class=\"row-9\">\n\t<td class=\"column-1\">07.03.2022<\/td><td class=\"column-2\"><a target=\"_blank\" href=\"ortsrecht\/bm_zirchow\/bekanntmachung-20220307-1-zirchow.pdf\" rel=\"noopener noreferrer\">Bekanntmachung der Gemeinde Zirchow zum Beschluss Nr. GVZi-0194\/22 von 23.02.2022 \u00fcber den Vorentwurf und die Auslegung des Bebauungsplanes Nr. 2 f\u00fcr das \u201eWohngebiet an der Lindenstra\u00dfe in Zirchow\u201c in der Fassung von 12-2021<\/a><\/td>\n<\/tr>\n<tr class=\"row-10\">\n\t<td class=\"column-1\">07.03.2022<\/td><td class=\"column-2\"><a target=\"_blank\" href=\"ortsrecht\/bm_zirchow\/bekanntmachung-20220307-2-zirchow.pdf\" rel=\"noopener noreferrer\">Bekanntmachung der Gemeinde Zirchow zum Beschluss Nr. GVZi-0193\/22 vom 23.02.2022 \u00fcber den Vorentwurf und die Auslegung der 1. Erg\u00e4nzung des Fl\u00e4chennutzungsplanes der Gemeinde Zirchow i.V.m. Bebauungsplan Nr. 2 f\u00fcr das \u201eWohngebiet an der Lindenstra\u00dfe in Zirchow\u201c in der Fassung von 12-2021<\/a><\/td>\n<\/tr>\n<tr class=\"row-11\">\n\t<td class=\"column-1\">03.08.2022<\/td><td class=\"column-2\"><a target=\"_blank\" href=\"ortsrecht\/bm_zirchow\/bekanntmachung-20220803-zirchow.pdf\" rel=\"noopener noreferrer\">Bekanntmachung \u00fcber die \u00f6ffentliche Auslegung des Vorentwurfs der 8. \u00c4nderung des Bebauungsplanes Nr. 1 \u201eVitalwelt Inseltr\u00e4ume\u201c der Gemeinde Zirchow<\/a><\/td>\n<\/tr>\n<tr class=\"row-12\">\n\t<td class=\"column-1\">27.03.2023<\/td><td class=\"column-2\"><a target=\"_blank\" href=\"https:\/\/www.amtusedom.de\/wp-content\/uploads\/2023\/03\/02b-Bekanntmachung-HHSatzung-2023-Zirchow.pdf\" rel=\"noopener\">Bekanntmachung der Haushaltssatzung der Gemeinde Zirchow f\u00fcr das Haushaltsjahr 2023<\/a><\/td>\n<\/tr>\n<tr class=\"row-13\">\n\t<td class=\"column-1\">06.04.2023<\/td><td class=\"column-2\"><a target=\"_blank\" href=\"https:\/\/www.amtusedom.de\/wp-content\/uploads\/2023\/04\/Bek.-8-Aen-BP-1-Zirchow-EntwurfAuslegebschluss.pdf\" rel=\"noopener\">Bekanntmachung der Gemeinde Zirchow zum Beschluss GVZi-0227\/23 vom 22.03.2023 \u00fcber die \u00f6ffentliche Auslegung des Entwurfs der 8. \u00c4nderung des Bebauungsplanes Nr. 1 \u201eVitalwelt Inseltr\u00e4ume\u201c der Gemeinde Zirchow<\/a><\/td>\n<\/tr>\n<tr class=\"row-14\">\n\t<td class=\"column-1\">26.04.2023<\/td><td class=\"column-2\"><a target=\"_blank\" href=\"https:\/\/www.amtusedom.de\/wp-content\/uploads\/2023\/04\/8.Aen-BP-Nr.-1-Vitalwelt-Zirchow_Entwurf_gesamt_Auslegung.pdf\" rel=\"noopener\">Beteiligungsunterlagen zum Beschluss Nr. GVZi-0227\/23 vom 22.03.2023 \u00fcber den Entwurf und die Auslegung der 8.\u00c4nderung des Bebauungsplanes Nr. 1 \u201eVitalwelt Inseltr\u00e4ume\u201c der Gemeinde Zirchow in der Fassung von 03-2023<\/a><\/td>\n<\/tr>\n<tr class=\"row-15\">\n\t<td class=\"column-1\">05.07.2023<\/td><td class=\"column-2\"><a target=\"_blank\" href=\"https:\/\/www.amtusedom.de\/wp-content\/uploads\/2023\/07\/Zirchow-JR-2017-Bekanntmachung.pdf\" rel=\"noopener\">Bekanntmachung der Feststellung des Jahresabschlusses 2017 und der Entlastung des B\u00fcrgermeisters der Gemeinde Zirchow<\/a><\/td>\n<\/tr>\n<tr class=\"row-16\">\n\t<td class=\"column-1\">17.07.2023<\/td><td class=\"column-2\"><a target=\"_blank\" href=\"https:\/\/www.amtusedom.de\/wp-content\/uploads\/2023\/07\/Bek.-Satzungsbeschluss-BP-1-Vitalwelt-Zirchow_2023_07_13.pdf\" rel=\"noopener\">Bek. Satzungsbeschluss BP 1 Vitalwelt Zirchow_2023_07_13Bekanntmachung der Gemeinde Zirchow  \u00fcber den Beschluss Nr. GVZi-0234\/23 vom 28.06.2023 \u00fcber die Satzung zur  8. \u00c4nderung des Bebauungsplanes Nr. 1 \u201eVitalwelt Inseltr\u00e4ume\u201c der Gemeinde Zirchow in der Fassung 06-2023<\/a><\/td>\n<\/tr>\n<tr class=\"row-17\">\n\t<td class=\"column-1\">07.11.2023<\/td><td class=\"column-2\"><a target=\"_blank\" href=\"https:\/\/www.amtusedom.de\/wp-content\/uploads\/2023\/11\/Bek.-AG-HGW-Zirchow.pdf\" rel=\"noopener\">Amtsgericht Greifswald - Terminsbestimmung Zum Zwecke der Aufhebung der Gemeinschaft<\/a><\/td>\n<\/tr>\n<tr class=\"row-18\">\n\t<td class=\"column-1\">18.01.2024<\/td><td class=\"column-2\"><a target=\"_blank\" href=\"https:\/\/www.amtusedom.de\/wp-content\/uploads\/2024\/01\/Zirchow-HHPlan-2024_.pdf\" rel=\"noopener\">Bekanntmachung der Haushaltssatzung der Gemeinde Zirchow f\u00fcr das Haushaltsjahr 2024<\/a><\/td>\n<\/tr>\n<tr class=\"row-19\">\n\t<td class=\"column-1\">30.05.2024<\/td><td class=\"column-2\"><a target=\"_blank\" href=\"https:\/\/www.amtusedom.de\/wp-content\/uploads\/2024\/05\/Zirchow-JAB-2018.pdf\" rel=\"noopener\">Bekanntmachung der Feststellung des Jahresabschlusses 2018 und der Entlastung des B\u00fcrgermeisters der Gemeinde Zirchow<\/a><\/td>\n<\/tr>\n<tr class=\"row-20\">\n\t<td class=\"column-1\">10.07.2024<\/td><td class=\"column-2\"><a target\"_blank\" href=\"https:\/\/www.amtusedom.de\/wp-content\/uploads\/2024\/07\/037-2024_Mitteilung-ortsuebliche-Bekanntmachung-Grenztermin_2024-07-03.pdf\">Mitteilung eines Grenztermins<\/a><\/td>\n<\/tr>\n<tr class=\"row-21\">\n\t<td class=\"column-1\">05.08.2024<\/td><td class=\"column-2\"><a target=\"_blank\" href=\"https:\/\/www.amtusedom.de\/wp-content\/uploads\/2024\/08\/037-2024_ortsuebliche-Bekanntmachung_2024-08-01-003.pdf\" rel=\"noopener\">Orts\u00fcbliche Bekanntmachung der Offenlegung der Niederschrift en \u00fcber den Grenztermin<\/a><\/td>\n<\/tr>\n<tr class=\"row-22\">\n\t<td class=\"column-1\">09.12.2024<\/td><td class=\"column-2\"><a target=\"_blank\" href=\"https:\/\/www.amtusedom.de\/wp-content\/uploads\/2024\/12\/00000-Zirchow-JAB-2019.pdf\">Bekanntmachung der Feststellung des Jahresabschlusses 2019 und der Entlastung des B\u00fcrgermeisters der Gemeinde Zirchow<\/a><\/td>\n<\/tr>\n<tr class=\"row-23\">\n\t<td class=\"column-1\">21.02.2025<\/td><td class=\"column-2\"><a target=\"_blank\" href=\"https:\/\/www.amtusedom.de\/wp-content\/uploads\/2025\/02\/16_Zirchow_Haushalt_2025.pdf\">Bekanntmachung der Haushaltssatzung der Gemeinde Zirchow f\u00fcr das Haushaltsjahr 2025<\/a><\/td>\n<\/tr>\n<tr class=\"row-24\">\n\t<td class=\"column-1\">11.03.2025<\/td><td class=\"column-2\"><a target=\"_blank\" href=\"https:\/\/www.amtusedom.de\/wp-content\/uploads\/2025\/03\/Oeffentliche-Bekanntmachung-Zirchow-2025.pdf\">\u00d6ffentliche Bekanntmachung Aufkommensneutrale Hebes\u00e4tze der Gemeinde Zirchow f\u00fcr die Grundsteuer A und B f\u00fcr das Jahr 2025<\/a><\/td>\n<\/tr>\n<tr class=\"row-25\">\n\t<td class=\"column-1\">13.03.2025<\/td><td class=\"column-2\"><a target=\"_blank\" href=\"https:\/\/www.amtusedom.de\/wp-content\/uploads\/2025\/03\/Bek.-WaBo-Zirchow.pdf\">6. Satzung zur \u00c4nderung der Satzung der Gemeinde Zirchow \u00fcber die Erhebung von Geb\u00fchren zur Deckung der Verbandsbeitr\u00e4ge des Wasser- und Bodenverbandes \u201e Insel Usedom-Peenestrom\"<\/a><\/td>\n<\/tr>\n<tr class=\"row-26\">\n\t<td class=\"column-1\">22.05.2025<\/td><td class=\"column-2\"><a target=\"_blank\" href=\"https:\/\/www.amtusedom.de\/wp-content\/uploads\/2025\/05\/Bekanntmachung-der-Feststellung-des-Jahresabschlusses-2020-und-der-Entlastung-des-Buergermeisters-der-Gemeinde-Zirchow.pdf\">Bekanntmachung der Feststellung des Jahresabschlusses 2020 und der Entlastung des B\u00fcrgermeisters der Gemeinde Zirchow<\/a><\/td>\n<\/tr>\n<tr class=\"row-27\">\n\t<td class=\"column-1\">05.11.2025<\/td><td class=\"column-2\"><a target=\"_blank\" href=\"https:\/\/www.amtusedom.de\/wp-content\/uploads\/2025\/11\/Bekanntmachung-der-Feststellung-des-Jahresabschlusses-2021-und-der-Entlastung-des-Buergermeisters-der-Gemeinde-Zirchow.pdf\">Bekanntmachung der Feststellung des Jahresabschlusses 2021 und der Entlastung des B\u00fcrgermeisters der Gemeinde Zirchow<\/a><\/td>\n<\/tr>\n<tr class=\"row-28\">\n\t<td class=\"column-1\">16.12.2025<\/td><td class=\"column-2\"><a target=\"_blank\" href=\"https:\/\/www.amtusedom.de\/wp-content\/uploads\/2025\/12\/Bekanntmachung-Flughafen-Heringsdorf-JA-2024.pdf\">Bekanntmachung Flughafen Heringsdorf JA 2024<\/a><\/td>\n<\/tr>\n<tr class=\"row-29\">\n\t<td class=\"column-1\">27.02.2027<\/td><td class=\"column-2\"><a target0\"_blank\" href=\"https:\/\/www.amtusedom.de\/wp-content\/uploads\/2026\/02\/Bekanntmachung-HHSatzung-2026-Zirchow.pdf\">Bekanntmachung der Haushaltssatzung der Gemeinde Zirchow  f\u00fcr das Haushaltsjahr 2026 <\/a><\/td>\n<\/tr>\n<\/tbody>\n<\/table>\n<!-- #tablepress-16 from cache -->\n<p><a href=\"?page_id=2679\" title=\"\u00d6ffentliche Bekanntmachungen Gemeinde Zirchow - Archiv\">\u00c4ltere Bekanntmachungen&#8230;<\/a><\/p>","protected":false},"excerpt":{"rendered":"<p>Ortsrecht Gemeinde Zirchow &#8211; \u00d6ffentliche Bekanntmachungen \u00c4ltere Bekanntmachungen&#8230;<\/p>\n","protected":false},"author":2,"featured_media":0,"parent":819,"menu_order":0,"comment_status":"closed","ping_status":"closed","template":"","meta":{"footnotes":""},"class_list":["post-822","page","type-page","status-publish","hentry"],"_links":{"self":[{"href":"https:\/\/www.amtusedom.de\/index.php?rest_route=\/wp\/v2\/pages\/822","targetHints":{"allow":["GET"]}}],"collection":[{"href":"https:\/\/www.amtusedom.de\/index.php?rest_route=\/wp\/v2\/pages"}],"about":[{"href":"https:\/\/www.amtusedom.de\/index.php?rest_route=\/wp\/v2\/types\/page"}],"author":[{"embeddable":true,"href":"https:\/\/www.amtusedom.de\/index.php?rest_route=\/wp\/v2\/users\/2"}],"replies":[{"embeddable":true,"href":"https:\/\/www.amtusedom.de\/index.php?rest_route=%2Fwp%2Fv2%2Fcomments&post=822"}],"version-history":[{"count":18,"href":"https:\/\/www.amtusedom.de\/index.php?rest_route=\/wp\/v2\/pages\/822\/revisions"}],"predecessor-version":[{"id":5970,"href":"https:\/\/www.amtusedom.de\/index.php?rest_route=\/wp\/v2\/pages\/822\/revisions\/5970"}],"up":[{"embeddable":true,"href":"https:\/\/www.amtusedom.de\/index.php?rest_route=\/wp\/v2\/pages\/819"}],"wp:attachment":[{"href":"https:\/\/www.amtusedom.de\/index.php?rest_route=%2Fwp%2Fv2%2Fmedia&parent=822"}],"curies":[{"name":"wp","href":"https:\/\/api.w.org\/{rel}","templated":true}]}}