{"id":832,"date":"2012-09-06T16:51:24","date_gmt":"2012-09-06T14:51:24","guid":{"rendered":"http:\/\/localhost\/wp\/?page_id=832"},"modified":"2023-08-03T13:14:16","modified_gmt":"2023-08-03T11:14:16","slug":"ortsrecht-gemeinde-zirchow-sicherheits-und-ordnungsrecht","status":"publish","type":"page","link":"https:\/\/www.amtusedom.de\/?page_id=832","title":{"rendered":"Ortsrecht &#8211; Gemeinde Zirchow: Sicherheits- und Ordnungsrecht"},"content":{"rendered":"\n<table id=\"tablepress-118\" class=\"tablepress tablepress-id-118\">\n<thead>\n<tr class=\"row-1\">\n\t<td class=\"column-1\"><\/td>\n<\/tr>\n<\/thead>\n<tbody class=\"row-striping row-hover\">\n<tr class=\"row-2\">\n\t<td class=\"column-1\"> \t<a href=\"https:\/\/www.amtusedom.de\/ortsrecht\/or_zirchow\/zirchow04.pdf\" target=\"_blank\" rel=\"noopener noreferrer\">Satzung \u00fcber die Stra\u00dfenreinigung in der Gemeinde Zirchow<\/a><\/td>\n<\/tr>\n<tr class=\"row-3\">\n\t<td class=\"column-1\"> \t<a href=\"https:\/\/www.amtusedom.de\/ortsrecht\/or_zirchow\/zirchow05.pdf\" target=\"_blank\" rel=\"noopener noreferrer\">Geb\u00fchrensatzung f\u00fcr die Freiwillige Feuerwehr der Gemeinde Zirchow<\/a><\/td>\n<\/tr>\n<tr class=\"row-4\">\n\t<td class=\"column-1\"> \t<a href=\"https:\/\/www.amtusedom.de\/ortsrecht\/or_zirchow\/zirchow13.pdf\" target=\"_blank\" rel=\"noopener noreferrer\">Friedhofsgeb\u00fchrenordnung f\u00fcr die Friedh\u00f6fe der Ev. Kirchengemeinde Zirchow in Zirchow, Garz und Kamminke<\/a><\/td>\n<\/tr>\n<tr class=\"row-5\">\n\t<td class=\"column-1\"> \t<a href=\"https:\/\/www.amtusedom.de\/ortsrecht\/or_zirchow\/zirchow06.pdf\" target=\"_blank\" rel=\"noopener noreferrer\">Satzung f\u00fcr Sondernutzungen an \u00f6ffentlichen Stra\u00dfen, Wegen und Pl\u00e4tzen der Gemeinde Zirchow<\/a><\/td>\n<\/tr>\n<tr class=\"row-6\">\n\t<td class=\"column-1\"> \t<a href=\"https:\/\/www.amtusedom.de\/ortsrecht\/or_zirchow\/zirchow10.pdf\" target=\"_blank\" rel=\"noopener noreferrer\">Satzung \u00fcber die Erhebung von Geb\u00fchren f\u00fcr Sondernutzungen an \u00f6ffentlichen Stra\u00dfen in der Gemeinde Zirchow<\/a><\/td>\n<\/tr>\n<tr class=\"row-7\">\n\t<td class=\"column-1\"> \t<a href=\"https:\/\/www.amtusedom.de\/ortsrecht\/or_zirchow\/zirchow15.pdf\" target=\"_blank\" rel=\"noopener noreferrer\">Sporthallenordnung<\/a><\/td>\n<\/tr>\n<tr class=\"row-8\">\n\t<td class=\"column-1\"> \t<a href=\"https:\/\/www.amtusedom.de\/wp-content\/uploads\/2023\/04\/Bek.-Friedhofssatzung-Kirchgemeinde-Zirchow.pdf\" target=\"_blank\" rel=\"noopener\">Friedhofssatzung f\u00fcr die Friedh\u00f6fe der Evangelischen Kirchengemeinde Zirchow in Zirchow, Garz auf Usedom und Kamminke<\/a><\/td>\n<\/tr>\n<\/tbody>\n<\/table>\n<!-- #tablepress-118 from cache -->","protected":false},"excerpt":{"rendered":"","protected":false},"author":2,"featured_media":0,"parent":819,"menu_order":2,"comment_status":"closed","ping_status":"closed","template":"","meta":{"footnotes":""},"class_list":["post-832","page","type-page","status-publish","hentry"],"_links":{"self":[{"href":"https:\/\/www.amtusedom.de\/index.php?rest_route=\/wp\/v2\/pages\/832","targetHints":{"allow":["GET"]}}],"collection":[{"href":"https:\/\/www.amtusedom.de\/index.php?rest_route=\/wp\/v2\/pages"}],"about":[{"href":"https:\/\/www.amtusedom.de\/index.php?rest_route=\/wp\/v2\/types\/page"}],"author":[{"embeddable":true,"href":"https:\/\/www.amtusedom.de\/index.php?rest_route=\/wp\/v2\/users\/2"}],"replies":[{"embeddable":true,"href":"https:\/\/www.amtusedom.de\/index.php?rest_route=%2Fwp%2Fv2%2Fcomments&post=832"}],"version-history":[{"count":9,"href":"https:\/\/www.amtusedom.de\/index.php?rest_route=\/wp\/v2\/pages\/832\/revisions"}],"predecessor-version":[{"id":8189,"href":"https:\/\/www.amtusedom.de\/index.php?rest_route=\/wp\/v2\/pages\/832\/revisions\/8189"}],"up":[{"embeddable":true,"href":"https:\/\/www.amtusedom.de\/index.php?rest_route=\/wp\/v2\/pages\/819"}],"wp:attachment":[{"href":"https:\/\/www.amtusedom.de\/index.php?rest_route=%2Fwp%2Fv2%2Fmedia&parent=832"}],"curies":[{"name":"wp","href":"https:\/\/api.w.org\/{rel}","templated":true}]}}