{"id":836,"date":"2012-09-06T16:54:30","date_gmt":"2012-09-06T14:54:30","guid":{"rendered":"http:\/\/localhost\/wp\/?page_id=836"},"modified":"2023-08-03T13:09:21","modified_gmt":"2023-08-03T11:09:21","slug":"ortsrecht-gemeinde-zirchow-finanz-und-steuerrecht","status":"publish","type":"page","link":"https:\/\/www.amtusedom.de\/?page_id=836","title":{"rendered":"Ortsrecht &#8211; Gemeinde Zirchow: Finanz- und Steuerrecht"},"content":{"rendered":"\n<table id=\"tablepress-117\" class=\"tablepress tablepress-id-117\">\n<thead>\n<tr class=\"row-1\">\n\t<td class=\"column-1\"><\/td><td class=\"column-2\"><\/td>\n<\/tr>\n<\/thead>\n<tbody class=\"row-striping row-hover\">\n<tr class=\"row-2\">\n\t<td class=\"column-1\">Hundesteuer <\/td><td class=\"column-2\">\t<a href=\"https:\/\/www.amtusedom.de\/ortsrecht\/or_zirchow\/zirchow-hundesteuer-aend01.pdf\" target=\"_blank\" rel=\"noopener noreferrer\">1. Satzung zur \u00c4nderung der Satzung \u00fcber die Erhebung einer Hundesteuer in der Gemeinde Zirchow<\/a><\/td>\n<\/tr>\n<tr class=\"row-3\">\n\t<td class=\"column-1\"><\/td><td class=\"column-2\">\t<a href=\"https:\/\/www.amtusedom.de\/ortsrecht\/or_zirchow\/zirchow-hundesteuer-lesefassung.pdf\" target=\"_blank\" rel=\"noopener noreferrer\">Satzung \u00fcber die Erhebung einer Hundesteuer in der Gemeinde Zirchow - Lesefassung<\/a><\/td>\n<\/tr>\n<tr class=\"row-4\">\n\t<td class=\"column-1\"><\/td><td class=\"column-2\"><\/td>\n<\/tr>\n<tr class=\"row-5\">\n\t<td class=\"column-1\">Kleineinleiter<\/td><td class=\"column-2\">\t<a href=\"https:\/\/www.amtusedom.de\/ortsrecht\/or_zirchow\/zirchow08.pdf\" target=\"_blank\" rel=\"noopener noreferrer\">Satzung der Gemeinde Zirchow \u00fcber die Abw\u00e4lzung der Abwasserabgabe f\u00fcr Kleineinleiter<\/a><\/td>\n<\/tr>\n<tr class=\"row-6\">\n\t<td class=\"column-1\"><\/td><td class=\"column-2\"><\/td>\n<\/tr>\n<tr class=\"row-7\">\n\t<td class=\"column-1\">Stundung, Niederschlagung Erlass<\/td><td class=\"column-2\">\t<a href=\"https:\/\/www.amtusedom.de\/ortsrecht\/or_zirchow\/zirchow11.pdf\" target=\"_blank\" rel=\"noopener noreferrer\">Satzung \u00fcber die Stundung, Niederschlagung und Erlass von Anspr\u00fcchen der Gemeinde Zirchow<\/a><\/td>\n<\/tr>\n<tr class=\"row-8\">\n\t<td class=\"column-1\"><\/td><td class=\"column-2\"><\/td>\n<\/tr>\n<tr class=\"row-9\">\n\t<td class=\"column-1\">Vergn\u00fcgungssteuer<\/td><td class=\"column-2\">\t<a href=\"https:\/\/www.amtusedom.de\/ortsrecht\/or_zirchow\/zirchow03.pdf\" target=\"_blank\" rel=\"noopener noreferrer\">Satzung der Gemeinde Zirchow \u00fcber die Erhebung einer Vergn\u00fcgungssteuer f\u00fcr das Halten von Spiel- und Geschicklichkeitsger\u00e4ten<\/a><\/td>\n<\/tr>\n<tr class=\"row-10\">\n\t<td class=\"column-1\"><\/td><td class=\"column-2\"><\/td>\n<\/tr>\n<tr class=\"row-11\">\n\t<td class=\"column-1\">Wasser- und Bodenverband<\/td><td class=\"column-2\">\t<a href=\"https:\/\/www.amtusedom.de\/ortsrecht\/or_zirchow\/zirchow-wabo-aend03.pdf\" target=\"_blank\" rel=\"noopener noreferrer\">3. Satzung zur \u00c4nderung der Satzung der Gemeinde Zirchow \u00fcber die Erhebung von Geb\u00fchren zur Deckung der Verbandsbeitr\u00e4ge des Wasser- und Bodenverbandes \u201eInsel Usedom-Peenestrom\"<\/a><\/td>\n<\/tr>\n<tr class=\"row-12\">\n\t<td class=\"column-1\"><\/td><td class=\"column-2\">\t<a href=\"https:\/\/www.amtusedom.de\/ortsrecht\/or_zirchow\/zirchow-wabo-aend04.pdf\" target=\"_blank\" rel=\"noopener noreferrer\">4. Satzung zur \u00c4nderung der Satzung der Gemeinde Zirchow \u00fcber die Erhebung von Geb\u00fchren zur Deckung der Verbandsbeitr\u00e4ge des Wasser- und Bodenverbandes \u201eInsel Usedom-Peenestrom\"<\/a><\/td>\n<\/tr>\n<tr class=\"row-13\">\n\t<td class=\"column-1\"><\/td><td class=\"column-2\"><a href=\"https:\/\/www.amtusedom.de\/ortsrecht\/or_zirchow\/zirchow-wabo-aend05.pdf\" target=\"_blank\" rel=\"noopener noreferrer\">5. Satzung zur \u00c4nderung der Satzung der Gemeinde Zirchow \u00fcber die Erhebung von Geb\u00fchren zur Deckung der Verbandsbeitr\u00e4ge des Wasser- und Bodenverbandes \u201eInsel Usedom-Peenestrom\"<\/a><\/td>\n<\/tr>\n<tr class=\"row-14\">\n\t<td class=\"column-1\"><\/td><td class=\"column-2\"><a href=\"https:\/\/www.amtusedom.de\/wp-content\/uploads\/2025\/03\/Zirchow-6.-Aend.-WaBo-2025.pdf\" target=\"_blank\">6. Satzung zur \u00c4nderung der Satzung der Gemeinde Zirchow \u00fcber die Erhebung von Geb\u00fchren zur Deckung der Verbandsbeitr\u00e4ge des Wasser- und Bodenverbandes \"Insel Usedom-Peene\"<\/a><\/td>\n<\/tr>\n<tr class=\"row-15\">\n\t<td class=\"column-1\"><\/td><td class=\"column-2\"><a href=\"https:\/\/www.amtusedom.de\/wp-content\/uploads\/2025\/03\/Lesefassung-Wasser-und-Bodenverband-6.-Aenderung-2025.pdf\" target=\"_blank\">Satzung der Gemeinde Zirchow \u00fcber die Erhebnug von Geb\u00fchren zur Deckung der Verbandsbeitr\u00e4ge des Wasser- und Bodenverbandes \"Insel Usedom-Peenestrom\"<\/a><\/td>\n<\/tr>\n<tr class=\"row-16\">\n\t<td class=\"column-1\"><\/td><td class=\"column-2\"><\/td>\n<\/tr>\n<tr class=\"row-17\">\n\t<td class=\"column-1\"><\/td><td class=\"column-2\"><\/td>\n<\/tr>\n<tr class=\"row-18\">\n\t<td class=\"column-1\">Zweitwohnungssteuer <\/td><td class=\"column-2\"><a href=\"https:\/\/www.amtusedom.de\/ortsrecht\/or_zirchow\/zirchow-zweitwohnsteuer.pdf\" target=\"_blank\" rel=\"noopener noreferrer\">Satzung der Gemeinde Zirchow \u00fcber die Erhebung einer Zweitwohnsteuer<\/a><\/td>\n<\/tr>\n<tr class=\"row-19\">\n\t<td class=\"column-1\"><\/td><td class=\"column-2\"><\/td>\n<\/tr>\n<tr class=\"row-20\">\n\t<td class=\"column-1\">Hebes\u00e4tze Grundsteuer Gewerbesteuer <\/td><td class=\"column-2\"><\/td>\n<\/tr>\n<tr class=\"row-21\">\n\t<td class=\"column-1\">2020 <\/td><td class=\"column-2\"><a target=\"_blank\" href=\"https:\/\/www.amtusedom.de\/ortsrecht\/or_zirchow\/zirchow-hebesatzung2020.pdf\" rel=\"noopener noreferrer\">Satzung \u00fcber die Festsetzung der Hebes\u00e4tze f\u00fcr die Grundsteuer und Gewerbesteuer in der Gemeinde Zirchow (Hebesatzsatzung 2020)<\/a><\/td>\n<\/tr>\n<tr class=\"row-22\">\n\t<td class=\"column-1\">2022<\/td><td class=\"column-2\"><a target=\"_blank\" href=\"https:\/\/www.amtusedom.de\/ortsrecht\/or_zirchow\/zirchow-hebesatzung2022.pdf\" rel=\"noopener noreferrer\">Satzung \u00fcber die Festsetzung der Hebes\u00e4tze f\u00fcr die Grundsteuer und Gewerbesteuer in der Gemeinde Zirchow (Hebesatzsatzung 2022)<\/a><\/td>\n<\/tr>\n<tr class=\"row-23\">\n\t<td class=\"column-1\">2025<\/td><td class=\"column-2\"><a target=\"_blank\" href=\"https:\/\/www.amtusedom.de\/wp-content\/uploads\/2025\/03\/Hebesaetze-Zirchow-2025.pdf\">Satzung \u00fcber die Festsetzung der Hebes\u00e4tze f\u00fcr die Grundsteuer und Gewerbesteuer in der Gemeinde Zirchow (Hebesatzsatzung 2025)<\/a><\/td>\n<\/tr>\n<\/tbody>\n<\/table>\n<!-- #tablepress-117 from cache -->","protected":false},"excerpt":{"rendered":"","protected":false},"author":2,"featured_media":0,"parent":819,"menu_order":3,"comment_status":"closed","ping_status":"closed","template":"","meta":{"footnotes":""},"class_list":["post-836","page","type-page","status-publish","hentry"],"_links":{"self":[{"href":"https:\/\/www.amtusedom.de\/index.php?rest_route=\/wp\/v2\/pages\/836","targetHints":{"allow":["GET"]}}],"collection":[{"href":"https:\/\/www.amtusedom.de\/index.php?rest_route=\/wp\/v2\/pages"}],"about":[{"href":"https:\/\/www.amtusedom.de\/index.php?rest_route=\/wp\/v2\/types\/page"}],"author":[{"embeddable":true,"href":"https:\/\/www.amtusedom.de\/index.php?rest_route=\/wp\/v2\/users\/2"}],"replies":[{"embeddable":true,"href":"https:\/\/www.amtusedom.de\/index.php?rest_route=%2Fwp%2Fv2%2Fcomments&post=836"}],"version-history":[{"count":14,"href":"https:\/\/www.amtusedom.de\/index.php?rest_route=\/wp\/v2\/pages\/836\/revisions"}],"predecessor-version":[{"id":8183,"href":"https:\/\/www.amtusedom.de\/index.php?rest_route=\/wp\/v2\/pages\/836\/revisions\/8183"}],"up":[{"embeddable":true,"href":"https:\/\/www.amtusedom.de\/index.php?rest_route=\/wp\/v2\/pages\/819"}],"wp:attachment":[{"href":"https:\/\/www.amtusedom.de\/index.php?rest_route=%2Fwp%2Fv2%2Fmedia&parent=836"}],"curies":[{"name":"wp","href":"https:\/\/api.w.org\/{rel}","templated":true}]}}