{"id":92,"date":"2012-08-13T15:00:01","date_gmt":"2012-08-13T13:00:01","guid":{"rendered":"http:\/\/localhost\/wp\/?page_id=92"},"modified":"2025-09-29T14:17:12","modified_gmt":"2025-09-29T12:17:12","slug":"gemeinde-pudagla","status":"publish","type":"page","link":"https:\/\/www.amtusedom.de\/?page_id=92","title":{"rendered":"Gemeinde Pudagla"},"content":{"rendered":"<p><a href=\"wp-content\/uploads\/2012\/08\/wappen-pudagla.png\"><img loading=\"lazy\" decoding=\"async\" class=\"alignright size-full wp-image-169\" title=\"Wappen Pudagla\" src=\"wp-content\/uploads\/2012\/08\/wappen-pudagla.png\" alt=\"Wappen Pudagla\" width=\"99\" height=\"124\" \/><\/a>Die Gemeinde Pudagla wurde 1270 erstmals urkundlich erw\u00e4hnt und liegt landschaftlich sehr reizvoll zwischen Achterwasser und Schmollensee direkt im Naturpark Usedom. Die Fl\u00e4che der Gemeinde Pudagla betr\u00e4gt 13,26 km\u00b2.<\/p>\n<p>Einwohnerzahl (Stand 07\/2024):<br \/>\nGemeinde Pudagla insgesamt\u00a0 499<\/p>\n<p style=\"background: white; vertical-align: baseline; margin: 9.0pt 0cm 9.0pt 0cm;\"><span style=\"font-size: 11.5pt; font-family: 'Lato',sans-serif; color: #111111;\">B\u00fcrgermeister der Gemeinde Pudagla ist Herr Fred Fischer.<br \/>\nTelefon: 038378\/31344<br \/>\nSprechzeiten: Dienstag 17.00 bis 18.00 Uhr im Gemeindeb\u00fcro, Schlo\u00dfstra\u00dfe 8<\/span><\/p>\n<p style=\"background: white; vertical-align: baseline; margin: 9.0pt 0cm 9.0pt 0cm;\"><span style=\"font-size: 11.5pt; font-family: 'Lato',sans-serif; color: #111111;\"><a href=\"https:\/\/www.e-rechnung-bund.de\/faq\/leitweg-id\/\" target=\"_blank\" rel=\"noopener\">Leitweg-ID<\/a>: 13 0 75 111-K000-57<\/span><\/p>\n<h2 id=\"tablepress-150-name\" class=\"tablepress-table-name tablepress-table-name-id-150\">Die Mitglieder der Gemeindevertretung Pudagla haben sich am 15.07.2024 konstituiert<\/h2>\n\n<table id=\"tablepress-150\" class=\"tablepress tablepress-id-150\" aria-labelledby=\"tablepress-150-name\">\n<thead>\n<tr class=\"row-1\">\n\t<th class=\"column-1\">Name<\/th><th class=\"column-2\">Position<\/th>\n<\/tr>\n<\/thead>\n<tbody class=\"row-striping row-hover\">\n<tr class=\"row-2\">\n\t<td class=\"column-1\">Herr Fred Fischer<\/td><td class=\"column-2\">B\u00fcrgermeister<\/td>\n<\/tr>\n<tr class=\"row-3\">\n\t<td class=\"column-1\">Herr Hartmut Poeck<\/td><td class=\"column-2\">1. stellvertretender B\u00fcrgermeister<\/td>\n<\/tr>\n<tr class=\"row-4\">\n\t<td class=\"column-1\">Herr Jens Gehrking<\/td><td class=\"column-2\">2. stellvertretender B\u00fcrgermeister<\/td>\n<\/tr>\n<tr class=\"row-5\">\n\t<td class=\"column-1\">Frau Anke M\u00f6hring<\/td><td class=\"column-2\">Gemeindevertreterin<\/td>\n<\/tr>\n<tr class=\"row-6\">\n\t<td class=\"column-1\">Herr Armin Golz<\/td><td class=\"column-2\">Gemeindevertreter<\/td>\n<\/tr>\n<tr class=\"row-7\">\n\t<td class=\"column-1\">Frau Janine Kiphaut<\/td><td class=\"column-2\">Gemeindevertreterin<\/td>\n<\/tr>\n<tr class=\"row-8\">\n\t<td class=\"column-1\">Herr Burghard Fiedler<\/td><td class=\"column-2\">Gemeindevertreter<\/td>\n<\/tr>\n<\/tbody>\n<\/table>\n<!-- #tablepress-150 from cache -->\n<p style=\"text-align: center;\"><strong>Gemeindevertretung Pudagla<\/strong><\/p>\n<div id=\"attachment_9364\" style=\"width: 1884px\" class=\"wp-caption aligncenter\"><a href=\"https:\/\/www.amtusedom.de\/wp-content\/uploads\/2024\/07\/Pudagla2024-scaled.jpg\" target=\"_blank\" rel=\"noopener\"><img loading=\"lazy\" decoding=\"async\" aria-describedby=\"caption-attachment-9364\" class=\"wp-image-9364 size-full\" src=\"https:\/\/www.amtusedom.de\/wp-content\/uploads\/2024\/07\/Pudagla2024-scaled.jpg\" alt=\"\" width=\"1874\" height=\"2560\" srcset=\"https:\/\/www.amtusedom.de\/wp-content\/uploads\/2024\/07\/Pudagla2024-scaled.jpg 1874w, https:\/\/www.amtusedom.de\/wp-content\/uploads\/2024\/07\/Pudagla2024-220x300.jpg 220w, https:\/\/www.amtusedom.de\/wp-content\/uploads\/2024\/07\/Pudagla2024-750x1024.jpg 750w, https:\/\/www.amtusedom.de\/wp-content\/uploads\/2024\/07\/Pudagla2024-768x1049.jpg 768w, https:\/\/www.amtusedom.de\/wp-content\/uploads\/2024\/07\/Pudagla2024-1125x1536.jpg 1125w, https:\/\/www.amtusedom.de\/wp-content\/uploads\/2024\/07\/Pudagla2024-1499x2048.jpg 1499w\" sizes=\"auto, (max-width: 1874px) 100vw, 1874px\" \/><\/a><p id=\"caption-attachment-9364\" class=\"wp-caption-text\">Bild (von oben links nach unten rechts) Harmut Poeck, Fred Fischer, Janine Kiphaut, Jens Gehrking, Armin Golz, Anke M\u00f6hring (nicht auf dem Foto abgebildet: Burghard Fiedler)<\/p><\/div>\n<p>&nbsp;<\/p>\n<p><strong>Zu den Sehensw\u00fcrdigkeiten:<\/strong><\/p>\n<p>In der Gemeinde Pudagla gibt es neben der Schlossgastst\u00e4tte auch einen Badestrand am Achterwasser. Besonders lohnenswert ist eine Wanderung auf den 38 Meter hohen Glaubensberg, von dem sich ein weiter Blick \u00fcber den Schmollensee er\u00f6ffnet.<\/p>\n<p>Sehenswert in Pudagla sind neben dem Glaubensberg und den zahlreichen Wanderwegen nat\u00fcrlich das Schloss mit seinem Gew\u00f6lbekeller, der Strau\u00dfenpark, der sagenumwobene Teufelsstein im Achterwasser und die Bockwindm\u00fchle aus dem Jahre 1779. Mittlerweile befindet sich die M\u00fchle in Gemeindebesitz, wurde mit viel Unterst\u00fctzung restauriert und wird durch einen F\u00f6rderverein betreut. An bestimmten Tagen wird in der M\u00fchle gemahlen und im Ofen frisches Brot gebacken.<\/p>\n<div id=\"attachment_1087\" style=\"width: 260px\" class=\"wp-caption alignleft\"><img loading=\"lazy\" decoding=\"async\" aria-describedby=\"caption-attachment-1087\" class=\"size-full wp-image-1087\" title=\"Schlo\u00df Pudagla\" src=\"wp-content\/uploads\/2012\/09\/pudagla01.jpg\" alt=\"\" width=\"250\" height=\"167\" \/><p id=\"caption-attachment-1087\" class=\"wp-caption-text\">Schloss Pudagla<\/p><\/div>\n<div id=\"attachment_1088\" style=\"width: 260px\" class=\"wp-caption alignleft\"><img loading=\"lazy\" decoding=\"async\" aria-describedby=\"caption-attachment-1088\" class=\"size-full wp-image-1088\" title=\"Blockwindm\u00fchle Pudagla\" src=\"wp-content\/uploads\/2012\/09\/pudagla02.jpg\" alt=\"Blockwindm\u00fchle Pudagla\" width=\"250\" height=\"167\" \/><p id=\"caption-attachment-1088\" class=\"wp-caption-text\">Bockwindm\u00fchle Pudagla<\/p><\/div>\n<div id=\"attachment_1089\" style=\"width: 260px\" class=\"wp-caption alignleft\"><img loading=\"lazy\" decoding=\"async\" aria-describedby=\"caption-attachment-1089\" class=\"size-full wp-image-1089\" title=\"Badestelle in Pudagla\" src=\"wp-content\/uploads\/2012\/09\/pudagla03.jpg\" alt=\"Badestelle in Pudagla\" width=\"250\" height=\"167\" \/><p id=\"caption-attachment-1089\" class=\"wp-caption-text\">Badestelle in Pudagla<\/p><\/div>","protected":false},"excerpt":{"rendered":"<p>Die Gemeinde Pudagla wurde 1270 erstmals urkundlich erw\u00e4hnt und liegt landschaftlich sehr reizvoll zwischen Achterwasser und Schmollensee direkt im Naturpark Usedom. Die Fl\u00e4che der Gemeinde Pudagla betr\u00e4gt 13,26 km\u00b2. Einwohnerzahl (Stand 07\/2024): Gemeinde Pudagla insgesamt\u00a0 499 B\u00fcrgermeister der Gemeinde Pudagla ist Herr Fred Fischer. Telefon: 038378\/31344 Sprechzeiten: Dienstag 17.00 bis 18.00 Uhr im Gemeindeb\u00fcro, Schlo\u00dfstra\u00dfe 8 Leitweg-ID: 13 0 75<\/p>\n","protected":false},"author":2,"featured_media":0,"parent":10,"menu_order":1,"comment_status":"closed","ping_status":"closed","template":"","meta":{"footnotes":""},"class_list":["post-92","page","type-page","status-publish","hentry"],"_links":{"self":[{"href":"https:\/\/www.amtusedom.de\/index.php?rest_route=\/wp\/v2\/pages\/92","targetHints":{"allow":["GET"]}}],"collection":[{"href":"https:\/\/www.amtusedom.de\/index.php?rest_route=\/wp\/v2\/pages"}],"about":[{"href":"https:\/\/www.amtusedom.de\/index.php?rest_route=\/wp\/v2\/types\/page"}],"author":[{"embeddable":true,"href":"https:\/\/www.amtusedom.de\/index.php?rest_route=\/wp\/v2\/users\/2"}],"replies":[{"embeddable":true,"href":"https:\/\/www.amtusedom.de\/index.php?rest_route=%2Fwp%2Fv2%2Fcomments&post=92"}],"version-history":[{"count":32,"href":"https:\/\/www.amtusedom.de\/index.php?rest_route=\/wp\/v2\/pages\/92\/revisions"}],"predecessor-version":[{"id":9363,"href":"https:\/\/www.amtusedom.de\/index.php?rest_route=\/wp\/v2\/pages\/92\/revisions\/9363"}],"up":[{"embeddable":true,"href":"https:\/\/www.amtusedom.de\/index.php?rest_route=\/wp\/v2\/pages\/10"}],"wp:attachment":[{"href":"https:\/\/www.amtusedom.de\/index.php?rest_route=%2Fwp%2Fv2%2Fmedia&parent=92"}],"curies":[{"name":"wp","href":"https:\/\/api.w.org\/{rel}","templated":true}]}}