{"id":95,"date":"2012-08-13T15:02:17","date_gmt":"2012-08-13T13:02:17","guid":{"rendered":"http:\/\/localhost\/wp\/?page_id=95"},"modified":"2026-03-13T11:30:51","modified_gmt":"2026-03-13T09:30:51","slug":"verwaltung","status":"publish","type":"page","link":"https:\/\/www.amtusedom.de\/?page_id=95","title":{"rendered":"Standesamt"},"content":{"rendered":"<h2>Anmeldung einer Eheschlie\u00dfung \u2013 Voraussetzungen und Zust\u00e4ndigkeit<\/h2>\n<p>Die Anmeldung zur Eheschlie\u00dfung erfolgt beim Standesamt des Wohnsitzes (Haupt- oder Nebenwohnsitz) eines der Eheschlie\u00dfenden. Bei mehreren Wohnsitzen empfiehlt es sich, das Standesamt zu w\u00e4hlen, an dem die Trauung stattfinden soll. F\u00fcr R\u00fcckfragen zur Anmeldung wenden Sie sich bitte an das zust\u00e4ndige Standesamt \u2013 idealerweise jenes, in dem die Eheschlie\u00dfung geplant ist.<\/p>\n<p>Nach Pr\u00fcfung der Unterlagen und Feststellung der Ehef\u00e4higkeit durch das Standesamt ist die Eheschlie\u00dfung innerhalb eines Zeitraums von sechs Monaten m\u00f6glich. Nach Ablauf dieser Frist verliert die Anmeldung ihre G\u00fcltigkeit.<\/p>\n<p>Optional kann ein Stammbuch der Familie erworben werden, in dem beglaubigte Dokumente aus den Personenstandsregistern sowie sp\u00e4ter beispielsweise Geburtsurkunden hinterlegt werden k\u00f6nnen. Die Benennung von Trauzeugen ist freiwillig.<\/p>\n<p>Die Anmeldung zur Eheschlie\u00dfung muss von beiden Verlobten gemeinsam vorgenommen werden.<\/p>\n<h3>Erforderliche Unterlagen zur Anmeldung der Eheschlie\u00dfung<\/h3>\n<h4>Deutsche Staatsangeh\u00f6rige, bisher nicht verheiratet:<\/h4>\n<ul>\n<li>G\u00fcltiger Personalausweis oder Reisepass<\/li>\n<li>Beglaubigte aktuelle Abschrift aus dem Geburtseintrag<\/li>\n<li>Aufenthaltsbescheinigung des zust\u00e4ndigen Einwohnermeldeamtes<\/li>\n<li>Gegebenenfalls: Einb\u00fcrgerungsurkunde, Sp\u00e4taussiedlerbescheinigung oder Nachweise \u00fcber Namens\u00e4nderungen<\/li>\n<\/ul>\n<h4>Bereits verheiratete Personen zus\u00e4tzlich:<\/h4>\n<ul>\n<li>Aktueller Registerauszug der letzten Ehe mit Hinweis auf deren Aufl\u00f6sung und ggf. Wiederannahme eines fr\u00fcheren Namens<\/li>\n<li>Rechtskr\u00e4ftiges Scheidungsurteil fr\u00fcherer Ehen<\/li>\n<li>Sterbeurkunden verstorbener Ehepartner<\/li>\n<\/ul>\n<h4>Gemeinsame Kinder zus\u00e4tzlich:<\/h4>\n<ul>\n<li>Geburtsurkunde jedes Kindes<\/li>\n<li>Urkunde \u00fcber die Anerkennung der Vaterschaft<\/li>\n<li>Gegebenenfalls: Urkunde zur gemeinsamen elterlichen Sorge (Sorgerechtserkl\u00e4rung)<\/li>\n<\/ul>\n<h4>Nicht deutsche Staatsangeh\u00f6rige:<\/h4>\n<p>Bitte vereinbaren Sie einen pers\u00f6nlichen Termin, um die erforderlichen Unterlagen individuell abzustimmen.<\/p>\n<p>F\u00fcr Ihre Fragen stehen wir Ihnen telefonisch unter 038372\u202f-\u202f75018 oder per E-Mail an standesamt(at)amtusedom.de gern zur Verf\u00fcgung.<\/p>\n<p>&nbsp;<\/p>\n<div id=\"attachment_2237\" style=\"width: 310px\" class=\"wp-caption alignleft\"><img loading=\"lazy\" decoding=\"async\" aria-describedby=\"caption-attachment-2237\" class=\"wp-image-2237 size-full\" src=\"https:\/\/www.amtusedom.de\/wp-content\/uploads\/2014\/08\/schloss-stolpe-saal.jpg\" alt=\"Schloss Stolpe, Saal\" width=\"300\" height=\"200\" \/><p id=\"caption-attachment-2237\" class=\"wp-caption-text\">Schloss Stolpe, Saal<\/p><\/div>\n<div id=\"attachment_2238\" style=\"width: 310px\" class=\"wp-caption alignleft\"><img loading=\"lazy\" decoding=\"async\" aria-describedby=\"caption-attachment-2238\" class=\"wp-image-2238 size-full\" src=\"https:\/\/www.amtusedom.de\/wp-content\/uploads\/2014\/08\/rathaussaal-usedom.jpg\" alt=\"Rathaus Usedom, Saal\" width=\"300\" height=\"217\" \/><p id=\"caption-attachment-2238\" class=\"wp-caption-text\">Rathaus Usedom, Saal<\/p><\/div>\n<div id=\"attachment_285\" style=\"width: 310px\" class=\"wp-caption alignleft\"><img loading=\"lazy\" decoding=\"async\" aria-describedby=\"caption-attachment-285\" class=\"wp-image-285 size-medium\" src=\"http:\/\/new.amtusedom.de\/wp-content\/uploads\/2012\/08\/salzhuette-koserow-300x225.jpg\" alt=\"Salzh\u00fctte Koserow\" width=\"300\" height=\"225\" srcset=\"https:\/\/www.amtusedom.de\/wp-content\/uploads\/2012\/08\/salzhuette-koserow-300x225.jpg 300w, https:\/\/www.amtusedom.de\/wp-content\/uploads\/2012\/08\/salzhuette-koserow.jpg 800w\" sizes=\"auto, (max-width: 300px) 100vw, 300px\" \/><p id=\"caption-attachment-285\" class=\"wp-caption-text\">Salzh\u00fctte Koserow<\/p><\/div>\n<div id=\"attachment_283\" style=\"width: 310px\" class=\"wp-caption alignleft\"><img loading=\"lazy\" decoding=\"async\" aria-describedby=\"caption-attachment-283\" class=\"size-medium wp-image-283\" src=\"http:\/\/new.amtusedom.de\/wp-content\/uploads\/2012\/08\/trauraum-koserow-300x200.jpg\" alt=\"Trauraum B\u00fcrgeramt Koserow\" width=\"300\" height=\"200\" srcset=\"https:\/\/www.amtusedom.de\/wp-content\/uploads\/2012\/08\/trauraum-koserow-300x200.jpg 300w, https:\/\/www.amtusedom.de\/wp-content\/uploads\/2012\/08\/trauraum-koserow.jpg 900w\" sizes=\"auto, (max-width: 300px) 100vw, 300px\" \/><p id=\"caption-attachment-283\" class=\"wp-caption-text\">Trauraum B\u00fcrgeramt Koserow<\/p><\/div>","protected":false},"excerpt":{"rendered":"<p>Anmeldung einer Eheschlie\u00dfung \u2013 Voraussetzungen und Zust\u00e4ndigkeit Die Anmeldung zur Eheschlie\u00dfung erfolgt beim Standesamt des Wohnsitzes (Haupt- oder Nebenwohnsitz) eines der Eheschlie\u00dfenden. Bei mehreren Wohnsitzen empfiehlt es sich, das Standesamt zu w\u00e4hlen, an dem die Trauung stattfinden soll. F\u00fcr R\u00fcckfragen zur Anmeldung wenden Sie sich bitte an das zust\u00e4ndige Standesamt \u2013 idealerweise jenes, in dem die Eheschlie\u00dfung geplant ist. Nach<\/p>\n","protected":false},"author":2,"featured_media":0,"parent":0,"menu_order":6,"comment_status":"closed","ping_status":"closed","template":"","meta":{"footnotes":""},"class_list":["post-95","page","type-page","status-publish","hentry"],"_links":{"self":[{"href":"https:\/\/www.amtusedom.de\/index.php?rest_route=\/wp\/v2\/pages\/95","targetHints":{"allow":["GET"]}}],"collection":[{"href":"https:\/\/www.amtusedom.de\/index.php?rest_route=\/wp\/v2\/pages"}],"about":[{"href":"https:\/\/www.amtusedom.de\/index.php?rest_route=\/wp\/v2\/types\/page"}],"author":[{"embeddable":true,"href":"https:\/\/www.amtusedom.de\/index.php?rest_route=\/wp\/v2\/users\/2"}],"replies":[{"embeddable":true,"href":"https:\/\/www.amtusedom.de\/index.php?rest_route=%2Fwp%2Fv2%2Fcomments&post=95"}],"version-history":[{"count":48,"href":"https:\/\/www.amtusedom.de\/index.php?rest_route=\/wp\/v2\/pages\/95\/revisions"}],"predecessor-version":[{"id":11260,"href":"https:\/\/www.amtusedom.de\/index.php?rest_route=\/wp\/v2\/pages\/95\/revisions\/11260"}],"wp:attachment":[{"href":"https:\/\/www.amtusedom.de\/index.php?rest_route=%2Fwp%2Fv2%2Fmedia&parent=95"}],"curies":[{"name":"wp","href":"https:\/\/api.w.org\/{rel}","templated":true}]}}