{"id":9617,"date":"2024-10-28T11:29:09","date_gmt":"2024-10-28T09:29:09","guid":{"rendered":"https:\/\/www.amtusedom.de\/?page_id=9617"},"modified":"2025-06-20T09:10:46","modified_gmt":"2025-06-20T07:10:46","slug":"informationen-zur-x-rechnung","status":"publish","type":"page","link":"https:\/\/www.amtusedom.de\/?page_id=9617","title":{"rendered":"Informationen zur XRechnung"},"content":{"rendered":"<p><strong>Elektronische Rechnungsstellung an das Amt Usedom-S\u00fcd<\/strong><\/p>\n<p>Ab dem 01. April 2023 besteht f\u00fcr das Amt Usedom-S\u00fcd die Verpflichtung, Rechnungen in elektronischer Form (XRechnung) entgegenzunehmen.<br \/>\nDie gesetzliche Verpflichtung ergibt sich aus der EU-Richtlinie 2014\/55\/EU vom 16. April 2014 sowie der Verordnung \u00fcber die elektronische Rechnungsstellung im \u00f6ffentlichen Auftragswesen des Landes Mecklenburg-Vorpommern (E-Rechnungsverordnung Mecklenburg-Vorpommern &#8211; ERechVO M-V) vom 21. Juni 2021.<\/p>\n<p><strong>Was gilt als elektronische Rechnung?<\/strong><\/p>\n<p>Eine g\u00fcltige E-Rechnung muss in einem strukturierten elektronischen Format erstellt, \u00fcbermittelt und empfangen werden. Dokumente wie eingescannte Papierrechnungen, PDFs oder Bilddateien gelten <em>nicht<\/em> als elektronische Rechnungen im Sinne der Vorschriften.<\/p>\n<p><strong>So stellen Sie eine XRechnung aus<\/strong><\/p>\n<p>Sie als Rechnungssender m\u00fcssen sich f\u00fcr die Rechnungsstellung \u00fcber die Zentrale Rechnungseingangsplattform der Bundesdruckerei (OZG-RE) als Nutzer registrieren. F\u00fcr die Registrierung entstehen Ihnen keine Kosten. Nachdem Sie sich als Nutzer bei der Zentralen Rechnungseingangsplattform der Bundesdruckerei (OZG-RE) registriert haben, k\u00f6nnen Sie Rechnungen im Standard XRechnung per E-Mail einbringen bzw. direkt hochladen.<br \/>\nBei der Registrierung sind folgende Angaben zu hinterlegen:<br \/>\nVor- und Nachname<br \/>\nBenutzername<br \/>\nKennwort<br \/>\nE-Mail-Adresse<\/p>\n<p>Anschlie\u00dfend haben Sie die M\u00f6glichkeit, Ihre Rechnungen per E-Mail einzureichen, direkt hochzuladen oder \u00fcber die Website der OZG-RE manuell als XRechnung zu erfassen und zu versenden.<\/p>\n<p><strong>So erhalten Sie Unterst\u00fctzung<\/strong><\/p>\n<p>Sollten Sie Unterst\u00fctzung ben\u00f6tigen, k\u00f6nnen Sie diese direkt von der Bundesdruckerei erhalten.<br \/>\nHotline: 030 25984436 (Mo. &#8211; Fr. 09:00 &#8211; 16:00 Uhr)<br \/>\nE-Mail: <a href=\"mailto:sendersupport-xrechnung@bdr.de\" data-da-link-item=\"true\" data-da-id=\"308\" data-da-next=\"309\" data-da-prev=\"307\" data-da-focused=\"false\" data-da-parent=\"306\" data-da-level=\"1\" data-da-submenu=\"true\">sendersupport-xrechnung@bdr.de<\/a><br \/>\nOnline-Formular: <a href=\"https:\/\/www.e-rechnung-bund.de\/kontakt\/\" target=\"_blank\" rel=\"noopener\">Bundesdruckerei Kontakt<\/a><\/p>\n<p><strong>Leitweg-IDs f\u00fcr Gemeinden im Amtsbereich<\/strong><\/p>\n<p>F\u00fcr jede Gemeinde im Amt Usedom-S\u00fcd gibt es eine eigene Leitweg-ID. Nachstehend finden Sie die vollst\u00e4ndige Auflistung.<\/p>\n<h2 id=\"tablepress-131-name\" class=\"tablepress-table-name tablepress-table-name-id-131\">\u00dcbersicht der Leitweg-Ids im Amtsbereich Usedom-S\u00fcd<\/h2>\n\n<table id=\"tablepress-131\" class=\"tablepress tablepress-id-131\" aria-labelledby=\"tablepress-131-name\">\n<thead>\n<tr class=\"row-1\">\n\t<td class=\"column-1\"><\/td><td class=\"column-2\"><\/td>\n<\/tr>\n<\/thead>\n<tbody class=\"row-striping row-hover\">\n<tr class=\"row-2\">\n\t<td class=\"column-1\">Amt<\/td><td class=\"column-2\">13 0 75 962-K000-80<\/td>\n<\/tr>\n<tr class=\"row-3\">\n\t<td class=\"column-1\">Benz<\/td><td class=\"column-2\">13 0 75 010-K000-70<\/td>\n<\/tr>\n<tr class=\"row-4\">\n\t<td class=\"column-1\">Dargen<\/td><td class=\"column-2\">13 0 75 026-K000-18<\/td>\n<\/tr>\n<tr class=\"row-5\">\n\t<td class=\"column-1\">Garz<\/td><td class=\"column-2\">13 0 75 034-K000-89<\/td>\n<\/tr>\n<tr class=\"row-6\">\n\t<td class=\"column-1\">Kamminke<\/td><td class=\"column-2\">13 0 75 056-K000-66<\/td>\n<\/tr>\n<tr class=\"row-7\">\n\t<td class=\"column-1\">Korswandt<\/td><td class=\"column-2\">13 0 75 065-K000-61<\/td>\n<\/tr>\n<tr class=\"row-8\">\n\t<td class=\"column-1\">Koserow<\/td><td class=\"column-2\">13 0 75 066-K000-82<\/td>\n<\/tr>\n<tr class=\"row-9\">\n\t<td class=\"column-1\">Loddin<\/td><td class=\"column-2\">13 0 75 080-K000-85<\/td>\n<\/tr>\n<tr class=\"row-10\">\n\t<td class=\"column-1\">Mellenthin<\/td><td class=\"column-2\">13 0 75 090-K000-04<\/td>\n<\/tr>\n<tr class=\"row-11\">\n\t<td class=\"column-1\">Pudagla<\/td><td class=\"column-2\">13 0 75 111-K000-57<\/td>\n<\/tr>\n<tr class=\"row-12\">\n\t<td class=\"column-1\">Rankwitz<\/td><td class=\"column-2\">13 0 75 114-K000-23<\/td>\n<\/tr>\n<tr class=\"row-13\">\n\t<td class=\"column-1\">Stolpe auf Usedom<\/td><td class=\"column-2\">13 0 75 129-K000-47<\/td>\n<\/tr>\n<tr class=\"row-14\">\n\t<td class=\"column-1\">\u00dcckeritz<\/td><td class=\"column-2\">13 0 75 135-K000-76<\/td>\n<\/tr>\n<tr class=\"row-15\">\n\t<td class=\"column-1\">Usedom, Stadt<\/td><td class=\"column-2\">13 0 75 137-K000-21<\/td>\n<\/tr>\n<tr class=\"row-16\">\n\t<td class=\"column-1\">Zempin<\/td><td class=\"column-2\">13 0 75 148-K000-58<\/td>\n<\/tr>\n<tr class=\"row-17\">\n\t<td class=\"column-1\">Zirchow<\/td><td class=\"column-2\">13 0 75 152-K000-45<\/td>\n<\/tr>\n<\/tbody>\n<\/table>\n<!-- #tablepress-131 from cache -->","protected":false},"excerpt":{"rendered":"<p>Elektronische Rechnungsstellung an das Amt Usedom-S\u00fcd Ab dem 01. April 2023 besteht f\u00fcr das Amt Usedom-S\u00fcd die Verpflichtung, Rechnungen in elektronischer Form (XRechnung) entgegenzunehmen. Die gesetzliche Verpflichtung ergibt sich aus der EU-Richtlinie 2014\/55\/EU vom 16. April 2014 sowie der Verordnung \u00fcber die elektronische Rechnungsstellung im \u00f6ffentlichen Auftragswesen des Landes Mecklenburg-Vorpommern (E-Rechnungsverordnung Mecklenburg-Vorpommern &#8211; ERechVO M-V) vom 21. Juni 2021. Was<\/p>\n","protected":false},"author":3,"featured_media":0,"parent":0,"menu_order":0,"comment_status":"closed","ping_status":"closed","template":"","meta":{"footnotes":""},"class_list":["post-9617","page","type-page","status-publish","hentry"],"_links":{"self":[{"href":"https:\/\/www.amtusedom.de\/index.php?rest_route=\/wp\/v2\/pages\/9617","targetHints":{"allow":["GET"]}}],"collection":[{"href":"https:\/\/www.amtusedom.de\/index.php?rest_route=\/wp\/v2\/pages"}],"about":[{"href":"https:\/\/www.amtusedom.de\/index.php?rest_route=\/wp\/v2\/types\/page"}],"author":[{"embeddable":true,"href":"https:\/\/www.amtusedom.de\/index.php?rest_route=\/wp\/v2\/users\/3"}],"replies":[{"embeddable":true,"href":"https:\/\/www.amtusedom.de\/index.php?rest_route=%2Fwp%2Fv2%2Fcomments&post=9617"}],"version-history":[{"count":10,"href":"https:\/\/www.amtusedom.de\/index.php?rest_route=\/wp\/v2\/pages\/9617\/revisions"}],"predecessor-version":[{"id":10423,"href":"https:\/\/www.amtusedom.de\/index.php?rest_route=\/wp\/v2\/pages\/9617\/revisions\/10423"}],"wp:attachment":[{"href":"https:\/\/www.amtusedom.de\/index.php?rest_route=%2Fwp%2Fv2%2Fmedia&parent=9617"}],"curies":[{"name":"wp","href":"https:\/\/api.w.org\/{rel}","templated":true}]}}